{"id":51664,"date":"2025-07-20T18:18:44","date_gmt":"2025-07-20T16:18:44","guid":{"rendered":"https:\/\/casacumbia.com\/product\/chemin-de-table-en-perles-carrees-noires-et-blanches-checks\/"},"modified":"2025-09-21T15:20:59","modified_gmt":"2025-09-21T13:20:59","slug":"chemin-de-table-en-perles-carrees-noires-et-blanches-checks","status":"publish","type":"product","link":"https:\/\/casacumbia.com\/en\/produit\/chemin-de-table-en-perles-carrees-noires-et-blanches-checks\/","title":{"rendered":"Chemin de table Perles Carr\u00e9s Noirs et Blancs CHECKS"},"content":{"rendered":"<p>Chemin de table Perles Carr\u00e9s Noirs et Blancs CHECKS. Une pi\u00e8ce essentielle de casacumbia, parfaite pour apporter une touche de style et de confort \u00e0 votre espace avec originalit\u00e9 et charme.<\/p>\n","protected":false},"excerpt":{"rendered":"<p>Chemin de table Perles Carr\u00e9s Noirs et Blancs CHECKS. Une pi\u00e8ce essentielle de casacumbia, parfaite pour apporter une touche de<\/p>\n","protected":false},"featured_media":31677,"comment_status":"closed","ping_status":"closed","template":"","meta":[],"product_brand":[],"product_cat":[171,259,204],"product_tag":[181,176,166],"class_list":{"0":"post-51664","1":"product","2":"type-product","3":"status-publish","4":"has-post-thumbnail","6":"product_cat-table-2","7":"product_cat-lingetable","8":"product_cat-promotions-2","9":"product_tag-integre-pim","10":"product_tag-petites-dimensions","11":"product_tag-produits-en-ligne","13":"first","14":"instock","15":"sale","16":"shipping-taxable","17":"purchasable","18":"product-type-simple"},"_links":{"self":[{"href":"https:\/\/casacumbia.com\/en\/wp-json\/wp\/v2\/product\/51664","targetHints":{"allow":["GET"]}}],"collection":[{"href":"https:\/\/casacumbia.com\/en\/wp-json\/wp\/v2\/product"}],"about":[{"href":"https:\/\/casacumbia.com\/en\/wp-json\/wp\/v2\/types\/product"}],"replies":[{"embeddable":true,"href":"https:\/\/casacumbia.com\/en\/wp-json\/wp\/v2\/comments?post=51664"}],"version-history":[{"count":4,"href":"https:\/\/casacumbia.com\/en\/wp-json\/wp\/v2\/product\/51664\/revisions"}],"predecessor-version":[{"id":54414,"href":"https:\/\/casacumbia.com\/en\/wp-json\/wp\/v2\/product\/51664\/revisions\/54414"}],"wp:featuredmedia":[{"embeddable":true,"href":"https:\/\/casacumbia.com\/en\/wp-json\/wp\/v2\/media\/31677"}],"wp:attachment":[{"href":"https:\/\/casacumbia.com\/en\/wp-json\/wp\/v2\/media?parent=51664"}],"wp:term":[{"taxonomy":"product_brand","embeddable":true,"href":"https:\/\/casacumbia.com\/en\/wp-json\/wp\/v2\/product_brand?post=51664"},{"taxonomy":"product_cat","embeddable":true,"href":"https:\/\/casacumbia.com\/en\/wp-json\/wp\/v2\/product_cat?post=51664"},{"taxonomy":"product_tag","embeddable":true,"href":"https:\/\/casacumbia.com\/en\/wp-json\/wp\/v2\/product_tag?post=51664"}],"curies":[{"name":"wp","href":"https:\/\/api.w.org\/{rel}","templated":true}]}}