{"id":51659,"date":"2025-07-20T18:18:44","date_gmt":"2025-07-20T16:18:44","guid":{"rendered":"https:\/\/casacumbia.com\/product\/table-a-manger-en-teck-dubai\/"},"modified":"2025-09-21T15:20:58","modified_gmt":"2025-09-21T13:20:58","slug":"table-a-manger-en-teck-dubai","status":"publish","type":"product","link":"https:\/\/casacumbia.com\/en\/produit\/table-a-manger-en-teck-dubai\/","title":{"rendered":"Table de Repas en Teck DUBAI"},"content":{"rendered":"<p>La collection DUBAI allie l&#8217;\u00e9l\u00e9gance naturelle du bois de teck \u00e0 un design contemporain et minimaliste. Con\u00e7ue pour les espaces ext\u00e9rieurs modernes, elle unit r\u00e9sistance, confort et style avec une touche exotique et sophistiqu\u00e9e \u2014 id\u00e9ale pour transformer n&#8217;importe quel balcon, jardin ou terrasse en un refuge de raffinement.<\/p>\n","protected":false},"excerpt":{"rendered":"<p>La collection DUBAI allie l&#8217;\u00e9l\u00e9gance naturelle du bois de teck \u00e0 un design contemporain et minimaliste. Con\u00e7ue pour les espaces<\/p>\n","protected":false},"featured_media":31667,"comment_status":"closed","ping_status":"closed","template":"","meta":[],"product_brand":[],"product_cat":[171,251,204],"product_tag":[181,176,166],"class_list":{"0":"post-51659","1":"product","2":"type-product","3":"status-publish","4":"has-post-thumbnail","6":"product_cat-table-2","7":"product_cat-jardin","8":"product_cat-promotions-2","9":"product_tag-integre-pim","10":"product_tag-petites-dimensions","11":"product_tag-produits-en-ligne","13":"first","14":"instock","15":"sale","16":"shipping-taxable","17":"purchasable","18":"product-type-simple"},"_links":{"self":[{"href":"https:\/\/casacumbia.com\/en\/wp-json\/wp\/v2\/product\/51659","targetHints":{"allow":["GET"]}}],"collection":[{"href":"https:\/\/casacumbia.com\/en\/wp-json\/wp\/v2\/product"}],"about":[{"href":"https:\/\/casacumbia.com\/en\/wp-json\/wp\/v2\/types\/product"}],"replies":[{"embeddable":true,"href":"https:\/\/casacumbia.com\/en\/wp-json\/wp\/v2\/comments?post=51659"}],"version-history":[{"count":2,"href":"https:\/\/casacumbia.com\/en\/wp-json\/wp\/v2\/product\/51659\/revisions"}],"predecessor-version":[{"id":54411,"href":"https:\/\/casacumbia.com\/en\/wp-json\/wp\/v2\/product\/51659\/revisions\/54411"}],"wp:featuredmedia":[{"embeddable":true,"href":"https:\/\/casacumbia.com\/en\/wp-json\/wp\/v2\/media\/31667"}],"wp:attachment":[{"href":"https:\/\/casacumbia.com\/en\/wp-json\/wp\/v2\/media?parent=51659"}],"wp:term":[{"taxonomy":"product_brand","embeddable":true,"href":"https:\/\/casacumbia.com\/en\/wp-json\/wp\/v2\/product_brand?post=51659"},{"taxonomy":"product_cat","embeddable":true,"href":"https:\/\/casacumbia.com\/en\/wp-json\/wp\/v2\/product_cat?post=51659"},{"taxonomy":"product_tag","embeddable":true,"href":"https:\/\/casacumbia.com\/en\/wp-json\/wp\/v2\/product_tag?post=51659"}],"curies":[{"name":"wp","href":"https:\/\/api.w.org\/{rel}","templated":true}]}}