{"id":51654,"date":"2025-07-20T18:18:36","date_gmt":"2025-07-20T16:18:36","guid":{"rendered":"https:\/\/casacumbia.com\/product\/fauteuil-en-metal-jaune-bonfim\/"},"modified":"2025-09-21T15:20:57","modified_gmt":"2025-09-21T13:20:57","slug":"fauteuil-en-metal-jaune-bonfim","status":"publish","type":"product","link":"https:\/\/casacumbia.com\/en\/produit\/fauteuil-en-metal-jaune-bonfim\/","title":{"rendered":"Fauteuil en M\u00e9tal Jaune BONFIM"},"content":{"rendered":"<p>La collection Bonfim s&#8217;inspire des Rubans du Senhor do Bonfim, qui sont typiques de la culture du nord-est br\u00e9silien. Ce sont des bracelets en tissu aux couleurs vari\u00e9es, o\u00f9 l&#8217;on fait trois n\u0153uds et l&#8217;on fait un v\u0153u \u00e0 chaque n\u0153ud.<br \/>Les tons inspirent un \u00e9t\u00e9 plein d&#8217;\u00e9nergie, id\u00e9al pour la vie en ext\u00e9rieur. <\/p>\n","protected":false},"excerpt":{"rendered":"<p>La collection Bonfim s&#8217;inspire des Rubans du Senhor do Bonfim, qui sont typiques de la culture du nord-est br\u00e9silien. Ce<\/p>\n","protected":false},"featured_media":31642,"comment_status":"closed","ping_status":"closed","template":"","meta":[],"product_brand":[],"product_cat":[246,218,251,204],"product_tag":[181,176,166],"class_list":{"0":"post-51654","1":"product","2":"type-product","3":"status-publish","4":"has-post-thumbnail","6":"product_cat-canapes","7":"product_cat-exterior-2","8":"product_cat-jardin","9":"product_cat-promotions-2","10":"product_tag-integre-pim","11":"product_tag-petites-dimensions","12":"product_tag-produits-en-ligne","14":"first","15":"instock","16":"sale","17":"shipping-taxable","18":"purchasable","19":"product-type-simple"},"_links":{"self":[{"href":"https:\/\/casacumbia.com\/en\/wp-json\/wp\/v2\/product\/51654","targetHints":{"allow":["GET"]}}],"collection":[{"href":"https:\/\/casacumbia.com\/en\/wp-json\/wp\/v2\/product"}],"about":[{"href":"https:\/\/casacumbia.com\/en\/wp-json\/wp\/v2\/types\/product"}],"replies":[{"embeddable":true,"href":"https:\/\/casacumbia.com\/en\/wp-json\/wp\/v2\/comments?post=51654"}],"version-history":[{"count":1,"href":"https:\/\/casacumbia.com\/en\/wp-json\/wp\/v2\/product\/51654\/revisions"}],"predecessor-version":[{"id":52715,"href":"https:\/\/casacumbia.com\/en\/wp-json\/wp\/v2\/product\/51654\/revisions\/52715"}],"wp:featuredmedia":[{"embeddable":true,"href":"https:\/\/casacumbia.com\/en\/wp-json\/wp\/v2\/media\/31642"}],"wp:attachment":[{"href":"https:\/\/casacumbia.com\/en\/wp-json\/wp\/v2\/media?parent=51654"}],"wp:term":[{"taxonomy":"product_brand","embeddable":true,"href":"https:\/\/casacumbia.com\/en\/wp-json\/wp\/v2\/product_brand?post=51654"},{"taxonomy":"product_cat","embeddable":true,"href":"https:\/\/casacumbia.com\/en\/wp-json\/wp\/v2\/product_cat?post=51654"},{"taxonomy":"product_tag","embeddable":true,"href":"https:\/\/casacumbia.com\/en\/wp-json\/wp\/v2\/product_tag?post=51654"}],"curies":[{"name":"wp","href":"https:\/\/api.w.org\/{rel}","templated":true}]}}