{"id":51649,"date":"2025-07-20T18:18:44","date_gmt":"2025-07-20T16:18:44","guid":{"rendered":"https:\/\/casacumbia.com\/product\/miroir-de-table-en-bois-et-rotin-bergen\/"},"modified":"2025-09-21T15:20:56","modified_gmt":"2025-09-21T13:20:56","slug":"miroir-de-table-en-bois-et-rotin-bergen","status":"publish","type":"product","link":"https:\/\/casacumbia.com\/en\/produit\/miroir-de-table-en-bois-et-rotin-bergen\/","title":{"rendered":"Miroir de Table en Bois et Rotin BERGEN"},"content":{"rendered":"<p>La collection BERGEN combine la beaut\u00e9 chaleureuse du bois avec le charme rustique du rotin, cr\u00e9ant un miroir de table \u00e0 la fois fonctionnel et d\u00e9coratif. Id\u00e9al pour ceux qui appr\u00e9cient le design organique et les d\u00e9tails uniques au quotidien.<\/p>\n","protected":false},"excerpt":{"rendered":"<p>La collection BERGEN combine la beaut\u00e9 chaleureuse du bois avec le charme rustique du rotin, cr\u00e9ant un miroir de table<\/p>\n","protected":false},"featured_media":31661,"comment_status":"closed","ping_status":"closed","template":"","meta":[],"product_brand":[],"product_cat":[171,206,263,204],"product_tag":[181,176,166],"class_list":{"0":"post-51649","1":"product","2":"type-product","3":"status-publish","4":"has-post-thumbnail","6":"product_cat-table-2","7":"product_cat-decoration-2","8":"product_cat-miroirs","9":"product_cat-promotions-2","10":"product_tag-integre-pim","11":"product_tag-petites-dimensions","12":"product_tag-produits-en-ligne","14":"first","15":"instock","16":"sale","17":"shipping-taxable","18":"purchasable","19":"product-type-simple"},"_links":{"self":[{"href":"https:\/\/casacumbia.com\/en\/wp-json\/wp\/v2\/product\/51649","targetHints":{"allow":["GET"]}}],"collection":[{"href":"https:\/\/casacumbia.com\/en\/wp-json\/wp\/v2\/product"}],"about":[{"href":"https:\/\/casacumbia.com\/en\/wp-json\/wp\/v2\/types\/product"}],"replies":[{"embeddable":true,"href":"https:\/\/casacumbia.com\/en\/wp-json\/wp\/v2\/comments?post=51649"}],"version-history":[{"count":2,"href":"https:\/\/casacumbia.com\/en\/wp-json\/wp\/v2\/product\/51649\/revisions"}],"predecessor-version":[{"id":54412,"href":"https:\/\/casacumbia.com\/en\/wp-json\/wp\/v2\/product\/51649\/revisions\/54412"}],"wp:featuredmedia":[{"embeddable":true,"href":"https:\/\/casacumbia.com\/en\/wp-json\/wp\/v2\/media\/31661"}],"wp:attachment":[{"href":"https:\/\/casacumbia.com\/en\/wp-json\/wp\/v2\/media?parent=51649"}],"wp:term":[{"taxonomy":"product_brand","embeddable":true,"href":"https:\/\/casacumbia.com\/en\/wp-json\/wp\/v2\/product_brand?post=51649"},{"taxonomy":"product_cat","embeddable":true,"href":"https:\/\/casacumbia.com\/en\/wp-json\/wp\/v2\/product_cat?post=51649"},{"taxonomy":"product_tag","embeddable":true,"href":"https:\/\/casacumbia.com\/en\/wp-json\/wp\/v2\/product_tag?post=51649"}],"curies":[{"name":"wp","href":"https:\/\/api.w.org\/{rel}","templated":true}]}}