{"id":51637,"date":"2025-07-20T18:18:35","date_gmt":"2025-07-20T16:18:35","guid":{"rendered":"https:\/\/casacumbia.com\/product\/chemin-de-table-en-coton-motif-feuillages-greenery\/"},"modified":"2025-09-21T15:20:51","modified_gmt":"2025-09-21T13:20:51","slug":"chemin-de-table-en-coton-motif-feuillages-greenery","status":"publish","type":"product","link":"https:\/\/casacumbia.com\/en\/produit\/chemin-de-table-en-coton-motif-feuillages-greenery\/","title":{"rendered":"Chemin de table Coton Feuillages GREENERY"},"content":{"rendered":"<p>La Collection Greenery refl\u00e8te un mouvement actuel qui cherche \u00e0 apporter dans notre quotidien une infusion de nature, avec des \u00e9l\u00e9ments botaniques et des motifs de feuillages.<\/p>\n","protected":false},"excerpt":{"rendered":"<p>La Collection Greenery refl\u00e8te un mouvement actuel qui cherche \u00e0 apporter dans notre quotidien une infusion de nature, avec des<\/p>\n","protected":false},"featured_media":31616,"comment_status":"closed","ping_status":"closed","template":"","meta":[],"product_brand":[],"product_cat":[171,259,204],"product_tag":[181,176,166],"class_list":{"0":"post-51637","1":"product","2":"type-product","3":"status-publish","4":"has-post-thumbnail","6":"product_cat-table-2","7":"product_cat-lingetable","8":"product_cat-promotions-2","9":"product_tag-integre-pim","10":"product_tag-petites-dimensions","11":"product_tag-produits-en-ligne","13":"first","14":"instock","15":"sale","16":"shipping-taxable","17":"purchasable","18":"product-type-simple"},"_links":{"self":[{"href":"https:\/\/casacumbia.com\/en\/wp-json\/wp\/v2\/product\/51637","targetHints":{"allow":["GET"]}}],"collection":[{"href":"https:\/\/casacumbia.com\/en\/wp-json\/wp\/v2\/product"}],"about":[{"href":"https:\/\/casacumbia.com\/en\/wp-json\/wp\/v2\/types\/product"}],"replies":[{"embeddable":true,"href":"https:\/\/casacumbia.com\/en\/wp-json\/wp\/v2\/comments?post=51637"}],"version-history":[{"count":1,"href":"https:\/\/casacumbia.com\/en\/wp-json\/wp\/v2\/product\/51637\/revisions"}],"predecessor-version":[{"id":52800,"href":"https:\/\/casacumbia.com\/en\/wp-json\/wp\/v2\/product\/51637\/revisions\/52800"}],"wp:featuredmedia":[{"embeddable":true,"href":"https:\/\/casacumbia.com\/en\/wp-json\/wp\/v2\/media\/31616"}],"wp:attachment":[{"href":"https:\/\/casacumbia.com\/en\/wp-json\/wp\/v2\/media?parent=51637"}],"wp:term":[{"taxonomy":"product_brand","embeddable":true,"href":"https:\/\/casacumbia.com\/en\/wp-json\/wp\/v2\/product_brand?post=51637"},{"taxonomy":"product_cat","embeddable":true,"href":"https:\/\/casacumbia.com\/en\/wp-json\/wp\/v2\/product_cat?post=51637"},{"taxonomy":"product_tag","embeddable":true,"href":"https:\/\/casacumbia.com\/en\/wp-json\/wp\/v2\/product_tag?post=51637"}],"curies":[{"name":"wp","href":"https:\/\/api.w.org\/{rel}","templated":true}]}}