{"id":51636,"date":"2025-07-20T18:18:36","date_gmt":"2025-07-20T16:18:36","guid":{"rendered":"https:\/\/casacumbia.com\/product\/serviette-de-bain-en-coton-gris-fonce-five-stars-2\/"},"modified":"2025-09-21T15:20:51","modified_gmt":"2025-09-21T13:20:51","slug":"serviette-de-bain-en-coton-gris-fonce-five-stars-2","status":"publish","type":"product","link":"https:\/\/casacumbia.com\/en\/produit\/serviette-de-bain-en-coton-gris-fonce-five-stars-2\/","title":{"rendered":"Serviette de Bain Coton Gris Fonc\u00e9 FIVE STARS"},"content":{"rendered":"<p>Les serviettes de bain Five Stars sont fabriqu\u00e9es au Portugal en 100 % coton, avec un fil sans torsion et un grammage de 650 g, ce qui leur conf\u00e8re une texture plus moelleuse et plus douce.<\/p>\n","protected":false},"excerpt":{"rendered":"<p>Les serviettes de bain Five Stars sont fabriqu\u00e9es au Portugal en 100 % coton, avec un fil sans torsion et<\/p>\n","protected":false},"featured_media":31633,"comment_status":"closed","ping_status":"closed","template":"","meta":[],"product_brand":[],"product_cat":[299],"product_tag":[181,176,166],"class_list":{"0":"post-51636","1":"product","2":"type-product","3":"status-publish","4":"has-post-thumbnail","6":"product_cat-linge-de-bain","7":"product_tag-integre-pim","8":"product_tag-petites-dimensions","9":"product_tag-produits-en-ligne","11":"first","12":"instock","13":"shipping-taxable","14":"purchasable","15":"product-type-simple"},"_links":{"self":[{"href":"https:\/\/casacumbia.com\/en\/wp-json\/wp\/v2\/product\/51636","targetHints":{"allow":["GET"]}}],"collection":[{"href":"https:\/\/casacumbia.com\/en\/wp-json\/wp\/v2\/product"}],"about":[{"href":"https:\/\/casacumbia.com\/en\/wp-json\/wp\/v2\/types\/product"}],"replies":[{"embeddable":true,"href":"https:\/\/casacumbia.com\/en\/wp-json\/wp\/v2\/comments?post=51636"}],"version-history":[{"count":1,"href":"https:\/\/casacumbia.com\/en\/wp-json\/wp\/v2\/product\/51636\/revisions"}],"predecessor-version":[{"id":52793,"href":"https:\/\/casacumbia.com\/en\/wp-json\/wp\/v2\/product\/51636\/revisions\/52793"}],"wp:featuredmedia":[{"embeddable":true,"href":"https:\/\/casacumbia.com\/en\/wp-json\/wp\/v2\/media\/31633"}],"wp:attachment":[{"href":"https:\/\/casacumbia.com\/en\/wp-json\/wp\/v2\/media?parent=51636"}],"wp:term":[{"taxonomy":"product_brand","embeddable":true,"href":"https:\/\/casacumbia.com\/en\/wp-json\/wp\/v2\/product_brand?post=51636"},{"taxonomy":"product_cat","embeddable":true,"href":"https:\/\/casacumbia.com\/en\/wp-json\/wp\/v2\/product_cat?post=51636"},{"taxonomy":"product_tag","embeddable":true,"href":"https:\/\/casacumbia.com\/en\/wp-json\/wp\/v2\/product_tag?post=51636"}],"curies":[{"name":"wp","href":"https:\/\/api.w.org\/{rel}","templated":true}]}}