{"id":51621,"date":"2025-07-20T18:18:34","date_gmt":"2025-07-20T16:18:34","guid":{"rendered":"https:\/\/casacumbia.com\/product\/tapis-touffete-en-laine-et-viscose-beige-70x110-mira\/"},"modified":"2025-09-21T15:20:48","modified_gmt":"2025-09-21T13:20:48","slug":"tapis-touffete-en-laine-et-viscose-beige-70x110-mira","status":"publish","type":"product","link":"https:\/\/casacumbia.com\/en\/produit\/tapis-touffete-en-laine-et-viscose-beige-70x110-mira\/","title":{"rendered":"Tapis Touffet\u00e9 Laine et Viscose Beige 70&#215;110 MIRA"},"content":{"rendered":"<p>Les tapis tuft\u00e9s sont fabriqu\u00e9s manuellement en marquant des fils de laine sur une toile qui est tendue \u00e0 l&#8217;aide d&#8217;un outil manuel.<br \/>Ce type de tapis tuft\u00e9s conf\u00e8re une touche d&#8217;\u00e9l\u00e9gance et sont consid\u00e9r\u00e9s parmi les plus luxueux au monde.<\/p>\n","protected":false},"excerpt":{"rendered":"<p>Les tapis tuft\u00e9s sont fabriqu\u00e9s manuellement en marquant des fils de laine sur une toile qui est tendue \u00e0 l&#8217;aide<\/p>\n","protected":false},"featured_media":31543,"comment_status":"closed","ping_status":"closed","template":"","meta":[],"product_brand":[],"product_cat":[185,204,205],"product_tag":[181,176,166],"class_list":{"0":"post-51621","1":"product","2":"type-product","3":"status-publish","4":"has-post-thumbnail","6":"product_cat-pet-2","7":"product_cat-promotions-2","8":"product_cat-rugs-2","9":"product_tag-integre-pim","10":"product_tag-petites-dimensions","11":"product_tag-produits-en-ligne","13":"first","14":"instock","15":"sale","16":"shipping-taxable","17":"purchasable","18":"product-type-simple"},"_links":{"self":[{"href":"https:\/\/casacumbia.com\/en\/wp-json\/wp\/v2\/product\/51621","targetHints":{"allow":["GET"]}}],"collection":[{"href":"https:\/\/casacumbia.com\/en\/wp-json\/wp\/v2\/product"}],"about":[{"href":"https:\/\/casacumbia.com\/en\/wp-json\/wp\/v2\/types\/product"}],"replies":[{"embeddable":true,"href":"https:\/\/casacumbia.com\/en\/wp-json\/wp\/v2\/comments?post=51621"}],"version-history":[{"count":1,"href":"https:\/\/casacumbia.com\/en\/wp-json\/wp\/v2\/product\/51621\/revisions"}],"predecessor-version":[{"id":52795,"href":"https:\/\/casacumbia.com\/en\/wp-json\/wp\/v2\/product\/51621\/revisions\/52795"}],"wp:featuredmedia":[{"embeddable":true,"href":"https:\/\/casacumbia.com\/en\/wp-json\/wp\/v2\/media\/31543"}],"wp:attachment":[{"href":"https:\/\/casacumbia.com\/en\/wp-json\/wp\/v2\/media?parent=51621"}],"wp:term":[{"taxonomy":"product_brand","embeddable":true,"href":"https:\/\/casacumbia.com\/en\/wp-json\/wp\/v2\/product_brand?post=51621"},{"taxonomy":"product_cat","embeddable":true,"href":"https:\/\/casacumbia.com\/en\/wp-json\/wp\/v2\/product_cat?post=51621"},{"taxonomy":"product_tag","embeddable":true,"href":"https:\/\/casacumbia.com\/en\/wp-json\/wp\/v2\/product_tag?post=51621"}],"curies":[{"name":"wp","href":"https:\/\/api.w.org\/{rel}","templated":true}]}}