{"id":51618,"date":"2025-07-20T18:18:26","date_gmt":"2025-07-20T16:18:26","guid":{"rendered":"https:\/\/casacumbia.com\/product\/ensemble-de-4-flutes-bliss\/"},"modified":"2025-09-21T15:20:47","modified_gmt":"2025-09-21T13:20:47","slug":"ensemble-de-4-flutes-bliss","status":"publish","type":"product","link":"https:\/\/casacumbia.com\/en\/produit\/ensemble-de-4-flutes-bliss\/","title":{"rendered":"Ensemble 4 Fl\u00fbtes BLISS"},"content":{"rendered":"<p>La collection BLISS allie la puret\u00e9 du verre transparent au luxe subtil des tons m\u00e9talliques or et argent. Des verres sophistiqu\u00e9s qui subliment toute c\u00e9l\u00e9bration, apportant \u00e9l\u00e9gance et \u00e9clat \u00e0 vos toasts les plus sp\u00e9ciaux. <\/p>\n","protected":false},"excerpt":{"rendered":"<p>La collection BLISS allie la puret\u00e9 du verre transparent au luxe subtil des tons m\u00e9talliques or et argent. Des verres<\/p>\n","protected":false},"featured_media":31491,"comment_status":"closed","ping_status":"closed","template":"","meta":[],"product_brand":[],"product_cat":[255],"product_tag":[181,176,166],"class_list":{"0":"post-51618","1":"product","2":"type-product","3":"status-publish","4":"has-post-thumbnail","6":"product_cat-verres","7":"product_tag-integre-pim","8":"product_tag-petites-dimensions","9":"product_tag-produits-en-ligne","11":"first","12":"instock","13":"shipping-taxable","14":"purchasable","15":"product-type-simple"},"_links":{"self":[{"href":"https:\/\/casacumbia.com\/en\/wp-json\/wp\/v2\/product\/51618","targetHints":{"allow":["GET"]}}],"collection":[{"href":"https:\/\/casacumbia.com\/en\/wp-json\/wp\/v2\/product"}],"about":[{"href":"https:\/\/casacumbia.com\/en\/wp-json\/wp\/v2\/types\/product"}],"replies":[{"embeddable":true,"href":"https:\/\/casacumbia.com\/en\/wp-json\/wp\/v2\/comments?post=51618"}],"version-history":[{"count":1,"href":"https:\/\/casacumbia.com\/en\/wp-json\/wp\/v2\/product\/51618\/revisions"}],"predecessor-version":[{"id":52784,"href":"https:\/\/casacumbia.com\/en\/wp-json\/wp\/v2\/product\/51618\/revisions\/52784"}],"wp:featuredmedia":[{"embeddable":true,"href":"https:\/\/casacumbia.com\/en\/wp-json\/wp\/v2\/media\/31491"}],"wp:attachment":[{"href":"https:\/\/casacumbia.com\/en\/wp-json\/wp\/v2\/media?parent=51618"}],"wp:term":[{"taxonomy":"product_brand","embeddable":true,"href":"https:\/\/casacumbia.com\/en\/wp-json\/wp\/v2\/product_brand?post=51618"},{"taxonomy":"product_cat","embeddable":true,"href":"https:\/\/casacumbia.com\/en\/wp-json\/wp\/v2\/product_cat?post=51618"},{"taxonomy":"product_tag","embeddable":true,"href":"https:\/\/casacumbia.com\/en\/wp-json\/wp\/v2\/product_tag?post=51618"}],"curies":[{"name":"wp","href":"https:\/\/api.w.org\/{rel}","templated":true}]}}