{"id":51617,"date":"2025-07-20T18:18:26","date_gmt":"2025-07-20T16:18:26","guid":{"rendered":"https:\/\/casacumbia.com\/product\/tapis-en-coton-marron-et-beige-140x200-benagil\/"},"modified":"2025-09-21T15:20:46","modified_gmt":"2025-09-21T13:20:46","slug":"tapis-en-coton-marron-et-beige-140x200-benagil","status":"publish","type":"product","link":"https:\/\/casacumbia.com\/en\/produit\/tapis-en-coton-marron-et-beige-140x200-benagil\/","title":{"rendered":"Tapis Coton Marron et Beige 140&#215;200 BENAGIL"},"content":{"rendered":"<p>Tapis Coton Marron et Beige 140&#215;200 BENAGIL. Une pi\u00e8ce essentielle de casacumbia, parfaite pour apporter une touche de style et de confort \u00e0 votre espace avec originalit\u00e9 et charme. <\/p>\n","protected":false},"excerpt":{"rendered":"<p>Tapis Coton Marron et Beige 140&#215;200 BENAGIL. Une pi\u00e8ce essentielle de casacumbia, parfaite pour apporter une touche de style et<\/p>\n","protected":false},"featured_media":31514,"comment_status":"closed","ping_status":"closed","template":"","meta":[],"product_brand":[],"product_cat":[185,204,205],"product_tag":[181,176,166],"class_list":{"0":"post-51617","1":"product","2":"type-product","3":"status-publish","4":"has-post-thumbnail","6":"product_cat-pet-2","7":"product_cat-promotions-2","8":"product_cat-rugs-2","9":"product_tag-integre-pim","10":"product_tag-petites-dimensions","11":"product_tag-produits-en-ligne","13":"first","14":"instock","15":"sale","16":"shipping-taxable","17":"purchasable","18":"product-type-simple"},"_links":{"self":[{"href":"https:\/\/casacumbia.com\/en\/wp-json\/wp\/v2\/product\/51617","targetHints":{"allow":["GET"]}}],"collection":[{"href":"https:\/\/casacumbia.com\/en\/wp-json\/wp\/v2\/product"}],"about":[{"href":"https:\/\/casacumbia.com\/en\/wp-json\/wp\/v2\/types\/product"}],"replies":[{"embeddable":true,"href":"https:\/\/casacumbia.com\/en\/wp-json\/wp\/v2\/comments?post=51617"}],"version-history":[{"count":2,"href":"https:\/\/casacumbia.com\/en\/wp-json\/wp\/v2\/product\/51617\/revisions"}],"predecessor-version":[{"id":54307,"href":"https:\/\/casacumbia.com\/en\/wp-json\/wp\/v2\/product\/51617\/revisions\/54307"}],"wp:featuredmedia":[{"embeddable":true,"href":"https:\/\/casacumbia.com\/en\/wp-json\/wp\/v2\/media\/31514"}],"wp:attachment":[{"href":"https:\/\/casacumbia.com\/en\/wp-json\/wp\/v2\/media?parent=51617"}],"wp:term":[{"taxonomy":"product_brand","embeddable":true,"href":"https:\/\/casacumbia.com\/en\/wp-json\/wp\/v2\/product_brand?post=51617"},{"taxonomy":"product_cat","embeddable":true,"href":"https:\/\/casacumbia.com\/en\/wp-json\/wp\/v2\/product_cat?post=51617"},{"taxonomy":"product_tag","embeddable":true,"href":"https:\/\/casacumbia.com\/en\/wp-json\/wp\/v2\/product_tag?post=51617"}],"curies":[{"name":"wp","href":"https:\/\/api.w.org\/{rel}","templated":true}]}}