{"id":51593,"date":"2025-07-20T18:18:17","date_gmt":"2025-07-20T16:18:17","guid":{"rendered":"https:\/\/casacumbia.com\/product\/bougie-parfumee-dans-un-verre-agrumes-et-vanille-orientar-garden\/"},"modified":"2025-09-21T15:20:39","modified_gmt":"2025-09-21T13:20:39","slug":"bougie-parfumee-dans-un-verre-agrumes-et-vanille-orientar-garden","status":"publish","type":"product","link":"https:\/\/casacumbia.com\/en\/produit\/bougie-parfumee-dans-un-verre-agrumes-et-vanille-orientar-garden\/","title":{"rendered":"Bougie Parfum\u00e9e en Verre Citrus et Vanille ORIENTAR GARDEN"},"content":{"rendered":"<p>Bougie Parfum\u00e9e en Verre Citrus et Vanille ORIENTAR GARDEN. Une pi\u00e8ce essentielle de casacumbia, parfaite pour apporter une touche de style et de confort \u00e0 votre espace avec originalit\u00e9 et charme. <\/p>\n","protected":false},"excerpt":{"rendered":"<p>Bougie Parfum\u00e9e en Verre Citrus et Vanille ORIENTAR GARDEN. Une pi\u00e8ce essentielle de casacumbia, parfaite pour apporter une touche de<\/p>\n","protected":false},"featured_media":31422,"comment_status":"closed","ping_status":"closed","template":"","meta":[],"product_brand":[],"product_cat":[264],"product_tag":[181,176,166],"class_list":{"0":"post-51593","1":"product","2":"type-product","3":"status-publish","4":"has-post-thumbnail","6":"product_cat-bougies","7":"product_tag-integre-pim","8":"product_tag-petites-dimensions","9":"product_tag-produits-en-ligne","11":"first","12":"instock","13":"shipping-taxable","14":"purchasable","15":"product-type-simple"},"_links":{"self":[{"href":"https:\/\/casacumbia.com\/en\/wp-json\/wp\/v2\/product\/51593","targetHints":{"allow":["GET"]}}],"collection":[{"href":"https:\/\/casacumbia.com\/en\/wp-json\/wp\/v2\/product"}],"about":[{"href":"https:\/\/casacumbia.com\/en\/wp-json\/wp\/v2\/types\/product"}],"replies":[{"embeddable":true,"href":"https:\/\/casacumbia.com\/en\/wp-json\/wp\/v2\/comments?post=51593"}],"version-history":[{"count":2,"href":"https:\/\/casacumbia.com\/en\/wp-json\/wp\/v2\/product\/51593\/revisions"}],"predecessor-version":[{"id":54300,"href":"https:\/\/casacumbia.com\/en\/wp-json\/wp\/v2\/product\/51593\/revisions\/54300"}],"wp:featuredmedia":[{"embeddable":true,"href":"https:\/\/casacumbia.com\/en\/wp-json\/wp\/v2\/media\/31422"}],"wp:attachment":[{"href":"https:\/\/casacumbia.com\/en\/wp-json\/wp\/v2\/media?parent=51593"}],"wp:term":[{"taxonomy":"product_brand","embeddable":true,"href":"https:\/\/casacumbia.com\/en\/wp-json\/wp\/v2\/product_brand?post=51593"},{"taxonomy":"product_cat","embeddable":true,"href":"https:\/\/casacumbia.com\/en\/wp-json\/wp\/v2\/product_cat?post=51593"},{"taxonomy":"product_tag","embeddable":true,"href":"https:\/\/casacumbia.com\/en\/wp-json\/wp\/v2\/product_tag?post=51593"}],"curies":[{"name":"wp","href":"https:\/\/api.w.org\/{rel}","templated":true}]}}