{"id":51579,"date":"2025-07-20T18:18:17","date_gmt":"2025-07-20T16:18:17","guid":{"rendered":"https:\/\/casacumbia.com\/product\/taie-doreiller-en-coton-percale-gris-45x100-samoa\/"},"modified":"2025-09-21T15:20:33","modified_gmt":"2025-09-21T13:20:33","slug":"taie-doreiller-en-coton-percale-gris-45x100-samoa","status":"publish","type":"product","link":"https:\/\/casacumbia.com\/en\/produit\/taie-doreiller-en-coton-percale-gris-45x100-samoa\/","title":{"rendered":"Taie d&#8217;oreiller de couchage en coton percale gris 45&#215;100 SAMOA"},"content":{"rendered":"<p>Notre linge de lit en coton percale est produit au Portugal et varie entre 180 et 300 fils.<br \/>Les fils tiss\u00e9s par pouce d\u00e9finissent la douceur, la durabilit\u00e9 et la flexibilit\u00e9 du drap, r\u00e9sultant en un tissu r\u00e9sistant, respirant et doux.<\/p>\n","protected":false},"excerpt":{"rendered":"<p>Notre linge de lit en coton percale est produit au Portugal et varie entre 180 et 300 fils.Les fils tiss\u00e9s<\/p>\n","protected":false},"featured_media":31416,"comment_status":"closed","ping_status":"closed","template":"","meta":[],"product_brand":[],"product_cat":[182,204,295],"product_tag":[181,176,166],"class_list":{"0":"post-51579","1":"product","2":"type-product","3":"status-publish","4":"has-post-thumbnail","6":"product_cat-textiles-2","7":"product_cat-promotions-2","8":"product_cat-taies-doreiller-traversins","9":"product_tag-integre-pim","10":"product_tag-petites-dimensions","11":"product_tag-produits-en-ligne","13":"first","14":"instock","15":"sale","16":"shipping-taxable","17":"purchasable","18":"product-type-simple"},"_links":{"self":[{"href":"https:\/\/casacumbia.com\/en\/wp-json\/wp\/v2\/product\/51579","targetHints":{"allow":["GET"]}}],"collection":[{"href":"https:\/\/casacumbia.com\/en\/wp-json\/wp\/v2\/product"}],"about":[{"href":"https:\/\/casacumbia.com\/en\/wp-json\/wp\/v2\/types\/product"}],"replies":[{"embeddable":true,"href":"https:\/\/casacumbia.com\/en\/wp-json\/wp\/v2\/comments?post=51579"}],"version-history":[{"count":1,"href":"https:\/\/casacumbia.com\/en\/wp-json\/wp\/v2\/product\/51579\/revisions"}],"predecessor-version":[{"id":53056,"href":"https:\/\/casacumbia.com\/en\/wp-json\/wp\/v2\/product\/51579\/revisions\/53056"}],"wp:featuredmedia":[{"embeddable":true,"href":"https:\/\/casacumbia.com\/en\/wp-json\/wp\/v2\/media\/31416"}],"wp:attachment":[{"href":"https:\/\/casacumbia.com\/en\/wp-json\/wp\/v2\/media?parent=51579"}],"wp:term":[{"taxonomy":"product_brand","embeddable":true,"href":"https:\/\/casacumbia.com\/en\/wp-json\/wp\/v2\/product_brand?post=51579"},{"taxonomy":"product_cat","embeddable":true,"href":"https:\/\/casacumbia.com\/en\/wp-json\/wp\/v2\/product_cat?post=51579"},{"taxonomy":"product_tag","embeddable":true,"href":"https:\/\/casacumbia.com\/en\/wp-json\/wp\/v2\/product_tag?post=51579"}],"curies":[{"name":"wp","href":"https:\/\/api.w.org\/{rel}","templated":true}]}}