{"id":51564,"date":"2025-07-20T18:18:08","date_gmt":"2025-07-20T16:18:08","guid":{"rendered":"https:\/\/casacumbia.com\/product\/savon-rond-eucalyptus\/"},"modified":"2025-09-21T15:20:30","modified_gmt":"2025-09-21T13:20:30","slug":"savon-rond-eucalyptus","status":"publish","type":"product","link":"https:\/\/casacumbia.com\/en\/produit\/savon-rond-eucalyptus\/","title":{"rendered":"Savon Rond Eucalyptus"},"content":{"rendered":"<p>D\u00e9couvrez notre collection de savons 100 % v\u00e9g\u00e9taux et fabriqu\u00e9s au Portugal, avec les meilleurs ingr\u00e9dients naturels.<br \/>Chez casacumbia, nous souhaitons offrir des alternatives durables, de bonne qualit\u00e9, en privil\u00e9giant et en soutenant ce qui est portugais.<br \/>Participez \u00e0 ce projet avec nous, soyez durable.<\/p>\n","protected":false},"excerpt":{"rendered":"<p>D\u00e9couvrez notre collection de savons 100 % v\u00e9g\u00e9taux et fabriqu\u00e9s au Portugal, avec les meilleurs ingr\u00e9dients naturels.Chez casacumbia, nous souhaitons<\/p>\n","protected":false},"featured_media":31342,"comment_status":"closed","ping_status":"closed","template":"","meta":[],"product_brand":[],"product_cat":[266,204],"product_tag":[181,176,166],"class_list":{"0":"post-51564","1":"product","2":"type-product","3":"status-publish","4":"has-post-thumbnail","6":"product_cat-poubelle","7":"product_cat-promotions-2","8":"product_tag-integre-pim","9":"product_tag-petites-dimensions","10":"product_tag-produits-en-ligne","12":"first","13":"instock","14":"sale","15":"shipping-taxable","16":"purchasable","17":"product-type-simple"},"_links":{"self":[{"href":"https:\/\/casacumbia.com\/en\/wp-json\/wp\/v2\/product\/51564","targetHints":{"allow":["GET"]}}],"collection":[{"href":"https:\/\/casacumbia.com\/en\/wp-json\/wp\/v2\/product"}],"about":[{"href":"https:\/\/casacumbia.com\/en\/wp-json\/wp\/v2\/types\/product"}],"replies":[{"embeddable":true,"href":"https:\/\/casacumbia.com\/en\/wp-json\/wp\/v2\/comments?post=51564"}],"version-history":[{"count":2,"href":"https:\/\/casacumbia.com\/en\/wp-json\/wp\/v2\/product\/51564\/revisions"}],"predecessor-version":[{"id":54298,"href":"https:\/\/casacumbia.com\/en\/wp-json\/wp\/v2\/product\/51564\/revisions\/54298"}],"wp:featuredmedia":[{"embeddable":true,"href":"https:\/\/casacumbia.com\/en\/wp-json\/wp\/v2\/media\/31342"}],"wp:attachment":[{"href":"https:\/\/casacumbia.com\/en\/wp-json\/wp\/v2\/media?parent=51564"}],"wp:term":[{"taxonomy":"product_brand","embeddable":true,"href":"https:\/\/casacumbia.com\/en\/wp-json\/wp\/v2\/product_brand?post=51564"},{"taxonomy":"product_cat","embeddable":true,"href":"https:\/\/casacumbia.com\/en\/wp-json\/wp\/v2\/product_cat?post=51564"},{"taxonomy":"product_tag","embeddable":true,"href":"https:\/\/casacumbia.com\/en\/wp-json\/wp\/v2\/product_tag?post=51564"}],"curies":[{"name":"wp","href":"https:\/\/api.w.org\/{rel}","templated":true}]}}