{"id":51560,"date":"2025-07-20T18:18:15","date_gmt":"2025-07-20T16:18:15","guid":{"rendered":"https:\/\/casacumbia.com\/product\/ensemble-dhuiles-pour-bruleur-diffuseur-absolute-garden\/"},"modified":"2025-09-21T15:20:29","modified_gmt":"2025-09-21T13:20:29","slug":"ensemble-dhuiles-pour-bruleur-diffuseur-absolute-garden","status":"publish","type":"product","link":"https:\/\/casacumbia.com\/en\/produit\/ensemble-dhuiles-pour-bruleur-diffuseur-absolute-garden\/","title":{"rendered":"Ensemble d&#8217;Huiles pour Br\u00fbleur \/ Diffuseur ABSOLUTE GARDEN"},"content":{"rendered":"<p>Une collection disponible en huile qui doit \u00eatre plac\u00e9e dans des br\u00fbleurs ou diffuseurs d&#8217;ar\u00f4mes. D\u00e9couvrez les ar\u00f4mes qui composent cette collection :<br \/> Cotton Valley \u2013 Douce et confortable, cette fragrance \u00e9voque la l\u00e9g\u00e8ret\u00e9 et la puret\u00e9 du coton. Id\u00e9ale pour cr\u00e9er des ambiances tranquilles et relaxantes.  <br \/> Amazonia \u2013 Un ar\u00f4me exotique et enveloppant, inspir\u00e9 des paysages tropicaux. Apporte authenticit\u00e9 et une fra\u00eecheur intense \u00e0 l&#8217;environnement. <br \/> Cookies &#8211; Un ar\u00f4me sucr\u00e9.<\/p>\n","protected":false},"excerpt":{"rendered":"<p>Une collection disponible en huile qui doit \u00eatre plac\u00e9e dans des br\u00fbleurs ou diffuseurs d&#8217;ar\u00f4mes. D\u00e9couvrez les ar\u00f4mes qui composent<\/p>\n","protected":false},"featured_media":31358,"comment_status":"closed","ping_status":"closed","template":"","meta":[],"product_brand":[],"product_cat":[264],"product_tag":[181,176,166],"class_list":{"0":"post-51560","1":"product","2":"type-product","3":"status-publish","4":"has-post-thumbnail","6":"product_cat-bougies","7":"product_tag-integre-pim","8":"product_tag-petites-dimensions","9":"product_tag-produits-en-ligne","11":"first","12":"instock","13":"shipping-taxable","14":"purchasable","15":"product-type-simple"},"_links":{"self":[{"href":"https:\/\/casacumbia.com\/en\/wp-json\/wp\/v2\/product\/51560","targetHints":{"allow":["GET"]}}],"collection":[{"href":"https:\/\/casacumbia.com\/en\/wp-json\/wp\/v2\/product"}],"about":[{"href":"https:\/\/casacumbia.com\/en\/wp-json\/wp\/v2\/types\/product"}],"replies":[{"embeddable":true,"href":"https:\/\/casacumbia.com\/en\/wp-json\/wp\/v2\/comments?post=51560"}],"version-history":[{"count":1,"href":"https:\/\/casacumbia.com\/en\/wp-json\/wp\/v2\/product\/51560\/revisions"}],"predecessor-version":[{"id":53046,"href":"https:\/\/casacumbia.com\/en\/wp-json\/wp\/v2\/product\/51560\/revisions\/53046"}],"wp:featuredmedia":[{"embeddable":true,"href":"https:\/\/casacumbia.com\/en\/wp-json\/wp\/v2\/media\/31358"}],"wp:attachment":[{"href":"https:\/\/casacumbia.com\/en\/wp-json\/wp\/v2\/media?parent=51560"}],"wp:term":[{"taxonomy":"product_brand","embeddable":true,"href":"https:\/\/casacumbia.com\/en\/wp-json\/wp\/v2\/product_brand?post=51560"},{"taxonomy":"product_cat","embeddable":true,"href":"https:\/\/casacumbia.com\/en\/wp-json\/wp\/v2\/product_cat?post=51560"},{"taxonomy":"product_tag","embeddable":true,"href":"https:\/\/casacumbia.com\/en\/wp-json\/wp\/v2\/product_tag?post=51560"}],"curies":[{"name":"wp","href":"https:\/\/api.w.org\/{rel}","templated":true}]}}