{"id":51559,"date":"2025-07-20T18:18:08","date_gmt":"2025-07-20T16:18:08","guid":{"rendered":"https:\/\/casacumbia.com\/product\/diffuseur-de-parfum-amazonia-70ml-prime-essence\/"},"modified":"2025-09-21T15:20:29","modified_gmt":"2025-09-21T13:20:29","slug":"diffuseur-de-parfum-amazonia-70ml-prime-essence","status":"publish","type":"product","link":"https:\/\/casacumbia.com\/en\/produit\/diffuseur-de-parfum-amazonia-70ml-prime-essence\/","title":{"rendered":"Diffuseur de Fragrance Amazonia 70ml PRIME ESSENCE"},"content":{"rendered":"<p>PRIME ESSENCE \u2013 Fragrances qui subliment l&#8217;ambiance<br \/> La collection Prime Essence allie design contemporain et ar\u00f4mes soigneusement d\u00e9velopp\u00e9s pour transformer votre maison en un espace plus harmonieux et accueillant. Disponible en bougies parfum\u00e9es et diffuseurs avec b\u00e2tonnets, cette ligne offre une exp\u00e9rience sensorielle compl\u00e8te, s&#8217;adaptant \u00e0 diff\u00e9rents styles et moments de la journ\u00e9e.<br \/> D\u00e9couvrez les ar\u00f4mes qui composent cette collection :<br \/> Amazonia \u2013 Un ar\u00f4me exotique et envo\u00fbtant, inspir\u00e9 des paysages tropicaux. Apporte authenticit\u00e9 et une fra\u00eecheur intense \u00e0 l&#8217;ambiance.  <br \/> Avec un design minimaliste et \u00e9l\u00e9gant, les diffuseurs et bougies de la collection Prime Essence sont id\u00e9aux pour ceux qui appr\u00e9cient les ambiances soign\u00e9es et avec une identit\u00e9.<br \/> Choisissez la fragrance qui vous correspond le mieux et transformez votre maison avec de petits gestes pleins d&#8217;essence.<\/p>\n","protected":false},"excerpt":{"rendered":"<p>PRIME ESSENCE \u2013 Fragrances qui subliment l&#8217;ambiance La collection Prime Essence allie design contemporain et ar\u00f4mes soigneusement d\u00e9velopp\u00e9s pour transformer<\/p>\n","protected":false},"featured_media":31348,"comment_status":"closed","ping_status":"closed","template":"","meta":[],"product_brand":[],"product_cat":[264],"product_tag":[181,176,166],"class_list":{"0":"post-51559","1":"product","2":"type-product","3":"status-publish","4":"has-post-thumbnail","6":"product_cat-bougies","7":"product_tag-integre-pim","8":"product_tag-petites-dimensions","9":"product_tag-produits-en-ligne","11":"first","12":"instock","13":"shipping-taxable","14":"purchasable","15":"product-type-simple"},"_links":{"self":[{"href":"https:\/\/casacumbia.com\/en\/wp-json\/wp\/v2\/product\/51559","targetHints":{"allow":["GET"]}}],"collection":[{"href":"https:\/\/casacumbia.com\/en\/wp-json\/wp\/v2\/product"}],"about":[{"href":"https:\/\/casacumbia.com\/en\/wp-json\/wp\/v2\/types\/product"}],"replies":[{"embeddable":true,"href":"https:\/\/casacumbia.com\/en\/wp-json\/wp\/v2\/comments?post=51559"}],"version-history":[{"count":1,"href":"https:\/\/casacumbia.com\/en\/wp-json\/wp\/v2\/product\/51559\/revisions"}],"predecessor-version":[{"id":52897,"href":"https:\/\/casacumbia.com\/en\/wp-json\/wp\/v2\/product\/51559\/revisions\/52897"}],"wp:featuredmedia":[{"embeddable":true,"href":"https:\/\/casacumbia.com\/en\/wp-json\/wp\/v2\/media\/31348"}],"wp:attachment":[{"href":"https:\/\/casacumbia.com\/en\/wp-json\/wp\/v2\/media?parent=51559"}],"wp:term":[{"taxonomy":"product_brand","embeddable":true,"href":"https:\/\/casacumbia.com\/en\/wp-json\/wp\/v2\/product_brand?post=51559"},{"taxonomy":"product_cat","embeddable":true,"href":"https:\/\/casacumbia.com\/en\/wp-json\/wp\/v2\/product_cat?post=51559"},{"taxonomy":"product_tag","embeddable":true,"href":"https:\/\/casacumbia.com\/en\/wp-json\/wp\/v2\/product_tag?post=51559"}],"curies":[{"name":"wp","href":"https:\/\/api.w.org\/{rel}","templated":true}]}}