{"id":51557,"date":"2025-07-20T18:18:08","date_gmt":"2025-07-20T16:18:08","guid":{"rendered":"https:\/\/casacumbia.com\/product\/jardin-vertical-artificiel-50x50cm-bahai\/"},"modified":"2025-09-21T15:20:29","modified_gmt":"2025-09-21T13:20:29","slug":"jardin-vertical-artificiel-50x50cm-bahai","status":"publish","type":"product","link":"https:\/\/casacumbia.com\/en\/produit\/jardin-vertical-artificiel-50x50cm-bahai\/","title":{"rendered":"Jardin Vertical Artificiel 50x50cm BAHAI"},"content":{"rendered":"<p>Jardin Vertical Artificiel 50x50cm BAHAI. Une pi\u00e8ce essentielle de casacumbia, parfaite pour apporter une touche de style et de confort \u00e0 votre espace avec originalit\u00e9 et charme. <\/p>\n","protected":false},"excerpt":{"rendered":"<p>Jardin Vertical Artificiel 50x50cm BAHAI. Une pi\u00e8ce essentielle de casacumbia, parfaite pour apporter une touche de style et de confort<\/p>\n","protected":false},"featured_media":31350,"comment_status":"closed","ping_status":"closed","template":"","meta":[],"product_brand":[],"product_cat":[218,204],"product_tag":[181,176,166],"class_list":{"0":"post-51557","1":"product","2":"type-product","3":"status-publish","4":"has-post-thumbnail","6":"product_cat-exterior-2","7":"product_cat-promotions-2","8":"product_tag-integre-pim","9":"product_tag-petites-dimensions","10":"product_tag-produits-en-ligne","12":"first","13":"instock","14":"sale","15":"shipping-taxable","16":"purchasable","17":"product-type-simple"},"_links":{"self":[{"href":"https:\/\/casacumbia.com\/en\/wp-json\/wp\/v2\/product\/51557","targetHints":{"allow":["GET"]}}],"collection":[{"href":"https:\/\/casacumbia.com\/en\/wp-json\/wp\/v2\/product"}],"about":[{"href":"https:\/\/casacumbia.com\/en\/wp-json\/wp\/v2\/types\/product"}],"replies":[{"embeddable":true,"href":"https:\/\/casacumbia.com\/en\/wp-json\/wp\/v2\/comments?post=51557"}],"version-history":[{"count":2,"href":"https:\/\/casacumbia.com\/en\/wp-json\/wp\/v2\/product\/51557\/revisions"}],"predecessor-version":[{"id":54297,"href":"https:\/\/casacumbia.com\/en\/wp-json\/wp\/v2\/product\/51557\/revisions\/54297"}],"wp:featuredmedia":[{"embeddable":true,"href":"https:\/\/casacumbia.com\/en\/wp-json\/wp\/v2\/media\/31350"}],"wp:attachment":[{"href":"https:\/\/casacumbia.com\/en\/wp-json\/wp\/v2\/media?parent=51557"}],"wp:term":[{"taxonomy":"product_brand","embeddable":true,"href":"https:\/\/casacumbia.com\/en\/wp-json\/wp\/v2\/product_brand?post=51557"},{"taxonomy":"product_cat","embeddable":true,"href":"https:\/\/casacumbia.com\/en\/wp-json\/wp\/v2\/product_cat?post=51557"},{"taxonomy":"product_tag","embeddable":true,"href":"https:\/\/casacumbia.com\/en\/wp-json\/wp\/v2\/product_tag?post=51557"}],"curies":[{"name":"wp","href":"https:\/\/api.w.org\/{rel}","templated":true}]}}