{"id":51556,"date":"2025-07-20T18:18:15","date_gmt":"2025-07-20T16:18:15","guid":{"rendered":"https:\/\/casacumbia.com\/product\/cocotte-en-fonte-blanche-chef-2\/"},"modified":"2025-09-21T15:20:28","modified_gmt":"2025-09-21T13:20:28","slug":"cocotte-en-fonte-blanche-chef-2","status":"publish","type":"product","link":"https:\/\/casacumbia.com\/en\/produit\/cocotte-en-fonte-blanche-chef-2\/","title":{"rendered":"Casserole en fonte Blanche CHEF"},"content":{"rendered":"<p>La fonte \u00e9maill\u00e9e est un mat\u00e9riau qui s&#8217;adapte bien aux diff\u00e9rents types de cuisson. \u00c9tant donn\u00e9 que toute la pi\u00e8ce est en fonte, elle chauffe plus rapidement et retient la chaleur de mani\u00e8re efficace. De m\u00eame, c&#8217;est aussi la pi\u00e8ce id\u00e9ale pour maintenir les aliments froids, si elle a \u00e9t\u00e9 pr\u00e9alablement r\u00e9frig\u00e9r\u00e9e au r\u00e9frig\u00e9rateur. Cette pi\u00e8ce est compatible avec les plaques de cuisson \u00e0 gaz, \u00e9lectriques, vitroc\u00e9ramiques et \u00e0 induction, ainsi qu&#8217;avec le four jusqu&#8217;\u00e0 240 degr\u00e9s. Si elle est utilis\u00e9e avec le couvercle, la temp\u00e9rature devra \u00eatre limit\u00e9e \u00e0 220 degr\u00e9s \u00e9tant donn\u00e9 que la poign\u00e9e a une r\u00e9sistance moins \u00e9lev\u00e9e. * Le lavage continu au lave-vaisselle pourrait contribuer \u00e0 une certaine perte de brillance de l&#8217;\u00e9mail. Chaque cocotte est accompagn\u00e9e d&#8217;une notice de conseils d&#8217;utilisation, que nous recommandons de lire attentivement.     <\/p>\n","protected":false},"excerpt":{"rendered":"<p>La fonte \u00e9maill\u00e9e est un mat\u00e9riau qui s&#8217;adapte bien aux diff\u00e9rents types de cuisson. \u00c9tant donn\u00e9 que toute la pi\u00e8ce<\/p>\n","protected":false},"featured_media":31363,"comment_status":"closed","ping_status":"closed","template":"","meta":[],"product_brand":[],"product_cat":[327,204],"product_tag":[181,176,166],"class_list":{"0":"post-51556","1":"product","2":"type-product","3":"status-publish","4":"has-post-thumbnail","6":"product_cat-cocottes-casseroles","7":"product_cat-promotions-2","8":"product_tag-integre-pim","9":"product_tag-petites-dimensions","10":"product_tag-produits-en-ligne","12":"first","13":"instock","14":"sale","15":"shipping-taxable","16":"purchasable","17":"product-type-simple"},"_links":{"self":[{"href":"https:\/\/casacumbia.com\/en\/wp-json\/wp\/v2\/product\/51556","targetHints":{"allow":["GET"]}}],"collection":[{"href":"https:\/\/casacumbia.com\/en\/wp-json\/wp\/v2\/product"}],"about":[{"href":"https:\/\/casacumbia.com\/en\/wp-json\/wp\/v2\/types\/product"}],"replies":[{"embeddable":true,"href":"https:\/\/casacumbia.com\/en\/wp-json\/wp\/v2\/comments?post=51556"}],"version-history":[{"count":1,"href":"https:\/\/casacumbia.com\/en\/wp-json\/wp\/v2\/product\/51556\/revisions"}],"predecessor-version":[{"id":52783,"href":"https:\/\/casacumbia.com\/en\/wp-json\/wp\/v2\/product\/51556\/revisions\/52783"}],"wp:featuredmedia":[{"embeddable":true,"href":"https:\/\/casacumbia.com\/en\/wp-json\/wp\/v2\/media\/31363"}],"wp:attachment":[{"href":"https:\/\/casacumbia.com\/en\/wp-json\/wp\/v2\/media?parent=51556"}],"wp:term":[{"taxonomy":"product_brand","embeddable":true,"href":"https:\/\/casacumbia.com\/en\/wp-json\/wp\/v2\/product_brand?post=51556"},{"taxonomy":"product_cat","embeddable":true,"href":"https:\/\/casacumbia.com\/en\/wp-json\/wp\/v2\/product_cat?post=51556"},{"taxonomy":"product_tag","embeddable":true,"href":"https:\/\/casacumbia.com\/en\/wp-json\/wp\/v2\/product_tag?post=51556"}],"curies":[{"name":"wp","href":"https:\/\/api.w.org\/{rel}","templated":true}]}}