{"id":51551,"date":"2025-07-20T18:26:10","date_gmt":"2025-07-20T16:26:10","guid":{"rendered":"https:\/\/casacumbia.com\/product\/etagere-en-bois-naturel-avec-tablettes-austen\/"},"modified":"2025-09-21T15:20:27","modified_gmt":"2025-09-21T13:20:27","slug":"etagere-en-bois-naturel-avec-tablettes-austen","status":"publish","type":"product","link":"https:\/\/casacumbia.com\/en\/produit\/etagere-en-bois-naturel-avec-tablettes-austen\/","title":{"rendered":"\u00c9tag\u00e8re en Bois Naturel avec Tablettes AUSTEN"},"content":{"rendered":"<p>\u00c9tag\u00e8re en Bois Naturel avec Tablettes AUSTEN. Une pi\u00e8ce essentielle de casacumbia, parfaite pour apporter une touche de style et de confort \u00e0 votre espace avec originalit\u00e9 et charme. <\/p>\n","protected":false},"excerpt":{"rendered":"<p>\u00c9tag\u00e8re en Bois Naturel avec Tablettes AUSTEN. Une pi\u00e8ce essentielle de casacumbia, parfaite pour apporter une touche de style et<\/p>\n","protected":false},"featured_media":36923,"comment_status":"closed","ping_status":"closed","template":"","meta":[],"product_brand":[],"product_cat":[247,204,134],"product_tag":[173,181,166],"class_list":{"0":"post-51551","1":"product","2":"type-product","3":"status-publish","4":"has-post-thumbnail","6":"product_cat-meublesalon","7":"product_cat-promotions-2","8":"product_cat-promotions","9":"product_tag-grandes-dimensions","10":"product_tag-integre-pim","11":"product_tag-produits-en-ligne","13":"first","14":"instock","15":"sale","16":"shipping-taxable","17":"purchasable","18":"product-type-simple"},"_links":{"self":[{"href":"https:\/\/casacumbia.com\/en\/wp-json\/wp\/v2\/product\/51551","targetHints":{"allow":["GET"]}}],"collection":[{"href":"https:\/\/casacumbia.com\/en\/wp-json\/wp\/v2\/product"}],"about":[{"href":"https:\/\/casacumbia.com\/en\/wp-json\/wp\/v2\/types\/product"}],"replies":[{"embeddable":true,"href":"https:\/\/casacumbia.com\/en\/wp-json\/wp\/v2\/comments?post=51551"}],"version-history":[{"count":2,"href":"https:\/\/casacumbia.com\/en\/wp-json\/wp\/v2\/product\/51551\/revisions"}],"predecessor-version":[{"id":54296,"href":"https:\/\/casacumbia.com\/en\/wp-json\/wp\/v2\/product\/51551\/revisions\/54296"}],"wp:featuredmedia":[{"embeddable":true,"href":"https:\/\/casacumbia.com\/en\/wp-json\/wp\/v2\/media\/36923"}],"wp:attachment":[{"href":"https:\/\/casacumbia.com\/en\/wp-json\/wp\/v2\/media?parent=51551"}],"wp:term":[{"taxonomy":"product_brand","embeddable":true,"href":"https:\/\/casacumbia.com\/en\/wp-json\/wp\/v2\/product_brand?post=51551"},{"taxonomy":"product_cat","embeddable":true,"href":"https:\/\/casacumbia.com\/en\/wp-json\/wp\/v2\/product_cat?post=51551"},{"taxonomy":"product_tag","embeddable":true,"href":"https:\/\/casacumbia.com\/en\/wp-json\/wp\/v2\/product_tag?post=51551"}],"curies":[{"name":"wp","href":"https:\/\/api.w.org\/{rel}","templated":true}]}}