{"id":51545,"date":"2025-07-20T18:25:26","date_gmt":"2025-07-20T16:25:26","guid":{"rendered":"https:\/\/casacumbia.com\/product\/planche-rectangulaire-en-bois-et-pierre-nepal-2\/"},"modified":"2025-09-21T15:20:24","modified_gmt":"2025-09-21T13:20:24","slug":"planche-rectangulaire-en-bois-et-pierre-nepal-2","status":"publish","type":"product","link":"https:\/\/casacumbia.com\/en\/produit\/planche-rectangulaire-en-bois-et-pierre-nepal-2\/","title":{"rendered":"Planche Rectangulaire en Bois et Pierre NEPAL"},"content":{"rendered":"<p>Collection Nepal \u2013 Tradition et Simplicit\u00e9 \u00e0 Table inspir\u00e9e par l&#8217;authenticit\u00e9 et les rythmes tranquilles des cuisines n\u00e9palaises, la collection Nepal propose des ustensiles fonctionnels avec une touche artisanale. Chaque pi\u00e8ce a \u00e9t\u00e9 con\u00e7ue pour valoriser la simplicit\u00e9 de la cuisine du quotidien, alliant durabilit\u00e9 \u00e0 un design discret et naturel. Id\u00e9ale pour ceux qui appr\u00e9cient la beaut\u00e9 des d\u00e9tails et l&#8217;harmonie entre tradition et utilit\u00e9.  <\/p>\n","protected":false},"excerpt":{"rendered":"<p>Collection Nepal \u2013 Tradition et Simplicit\u00e9 \u00e0 Table inspir\u00e9e par l&#8217;authenticit\u00e9 et les rythmes tranquilles des cuisines n\u00e9palaises, la collection<\/p>\n","protected":false},"featured_media":36449,"comment_status":"closed","ping_status":"closed","template":"","meta":[],"product_brand":[],"product_cat":[282,204],"product_tag":[181,176,166],"class_list":{"0":"post-51545","1":"product","2":"type-product","3":"status-publish","4":"has-post-thumbnail","6":"product_cat-planches","7":"product_cat-promotions-2","8":"product_tag-integre-pim","9":"product_tag-petites-dimensions","10":"product_tag-produits-en-ligne","12":"first","13":"instock","14":"sale","15":"shipping-taxable","16":"purchasable","17":"product-type-simple"},"_links":{"self":[{"href":"https:\/\/casacumbia.com\/en\/wp-json\/wp\/v2\/product\/51545","targetHints":{"allow":["GET"]}}],"collection":[{"href":"https:\/\/casacumbia.com\/en\/wp-json\/wp\/v2\/product"}],"about":[{"href":"https:\/\/casacumbia.com\/en\/wp-json\/wp\/v2\/types\/product"}],"replies":[{"embeddable":true,"href":"https:\/\/casacumbia.com\/en\/wp-json\/wp\/v2\/comments?post=51545"}],"version-history":[{"count":1,"href":"https:\/\/casacumbia.com\/en\/wp-json\/wp\/v2\/product\/51545\/revisions"}],"predecessor-version":[{"id":51954,"href":"https:\/\/casacumbia.com\/en\/wp-json\/wp\/v2\/product\/51545\/revisions\/51954"}],"wp:featuredmedia":[{"embeddable":true,"href":"https:\/\/casacumbia.com\/en\/wp-json\/wp\/v2\/media\/36449"}],"wp:attachment":[{"href":"https:\/\/casacumbia.com\/en\/wp-json\/wp\/v2\/media?parent=51545"}],"wp:term":[{"taxonomy":"product_brand","embeddable":true,"href":"https:\/\/casacumbia.com\/en\/wp-json\/wp\/v2\/product_brand?post=51545"},{"taxonomy":"product_cat","embeddable":true,"href":"https:\/\/casacumbia.com\/en\/wp-json\/wp\/v2\/product_cat?post=51545"},{"taxonomy":"product_tag","embeddable":true,"href":"https:\/\/casacumbia.com\/en\/wp-json\/wp\/v2\/product_tag?post=51545"}],"curies":[{"name":"wp","href":"https:\/\/api.w.org\/{rel}","templated":true}]}}