{"id":51541,"date":"2025-07-20T18:25:57","date_gmt":"2025-07-20T16:25:57","guid":{"rendered":"https:\/\/casacumbia.com\/product\/branche-avec-baies-roses-71-cm-noel-retro\/"},"modified":"2025-09-21T15:20:23","modified_gmt":"2025-09-21T13:20:23","slug":"branche-avec-baies-roses-71-cm-noel-retro","status":"publish","type":"product","link":"https:\/\/casacumbia.com\/en\/produit\/branche-avec-baies-roses-71-cm-noel-retro\/","title":{"rendered":"Branchage baies roses 71 cm RETRO CHRISTMAS"},"content":{"rendered":"<p><span data-sheets-root=\"1\">Un No\u00ebl irr\u00e9v\u00e9rencieux, o\u00f9 la r\u00e9interpr\u00e9tation d&#8217;ic\u00f4nes classiques prend vie \u00e0 travers de nouvelles couleurs et de nouveaux styles. Avec une forte inspiration r\u00e9tro, ce th\u00e8me m\u00e9lange des couleurs amusantes et des \u00e9l\u00e9ments du quotidien, c\u00e9l\u00e9brant l&#8217;exag\u00e9ration avec charme. <\/span><\/p>\n","protected":false},"excerpt":{"rendered":"<p>Un No\u00ebl irr\u00e9v\u00e9rencieux, o\u00f9 la r\u00e9interpr\u00e9tation d&#8217;ic\u00f4nes classiques prend vie \u00e0 travers de nouvelles couleurs et de nouveaux styles. Avec<\/p>\n","protected":false},"featured_media":36750,"comment_status":"closed","ping_status":"closed","template":"","meta":[],"product_brand":[],"product_cat":[266,204],"product_tag":[181,176,166],"class_list":{"0":"post-51541","1":"product","2":"type-product","3":"status-publish","4":"has-post-thumbnail","6":"product_cat-poubelle","7":"product_cat-promotions-2","8":"product_tag-integre-pim","9":"product_tag-petites-dimensions","10":"product_tag-produits-en-ligne","12":"first","13":"instock","14":"sale","15":"shipping-taxable","16":"purchasable","17":"product-type-simple"},"_links":{"self":[{"href":"https:\/\/casacumbia.com\/en\/wp-json\/wp\/v2\/product\/51541","targetHints":{"allow":["GET"]}}],"collection":[{"href":"https:\/\/casacumbia.com\/en\/wp-json\/wp\/v2\/product"}],"about":[{"href":"https:\/\/casacumbia.com\/en\/wp-json\/wp\/v2\/types\/product"}],"replies":[{"embeddable":true,"href":"https:\/\/casacumbia.com\/en\/wp-json\/wp\/v2\/comments?post=51541"}],"version-history":[{"count":1,"href":"https:\/\/casacumbia.com\/en\/wp-json\/wp\/v2\/product\/51541\/revisions"}],"predecessor-version":[{"id":51797,"href":"https:\/\/casacumbia.com\/en\/wp-json\/wp\/v2\/product\/51541\/revisions\/51797"}],"wp:featuredmedia":[{"embeddable":true,"href":"https:\/\/casacumbia.com\/en\/wp-json\/wp\/v2\/media\/36750"}],"wp:attachment":[{"href":"https:\/\/casacumbia.com\/en\/wp-json\/wp\/v2\/media?parent=51541"}],"wp:term":[{"taxonomy":"product_brand","embeddable":true,"href":"https:\/\/casacumbia.com\/en\/wp-json\/wp\/v2\/product_brand?post=51541"},{"taxonomy":"product_cat","embeddable":true,"href":"https:\/\/casacumbia.com\/en\/wp-json\/wp\/v2\/product_cat?post=51541"},{"taxonomy":"product_tag","embeddable":true,"href":"https:\/\/casacumbia.com\/en\/wp-json\/wp\/v2\/product_tag?post=51541"}],"curies":[{"name":"wp","href":"https:\/\/api.w.org\/{rel}","templated":true}]}}