{"id":51512,"date":"2025-07-20T18:20:38","date_gmt":"2025-07-20T16:20:38","guid":{"rendered":"https:\/\/casacumbia.com\/product\/cadre-avec-fleurs-argent-10x15-la-rochelle\/"},"modified":"2025-09-21T15:20:15","modified_gmt":"2025-09-21T13:20:15","slug":"cadre-avec-fleurs-argent-10x15-la-rochelle","status":"publish","type":"product","link":"https:\/\/casacumbia.com\/en\/produit\/cadre-avec-fleurs-argent-10x15-la-rochelle\/","title":{"rendered":"Cadre avec Fleurs Argent 10&#215;15 LA ROCHELLE"},"content":{"rendered":"<p>Inspir\u00e9e par le raffinement de la tradition europ\u00e9enne, la collection La Rochelle c\u00e9l\u00e8bre la beaut\u00e9 intemporelle de la sculpture classique avec une touche contemporaine. Des cadres en r\u00e9sine finement travaill\u00e9e, avec des finitions qui \u00e9voquent le bois sculpt\u00e9 \u00e0 la main, donnent corps \u00e0 des pi\u00e8ces qui subliment toute \u0153uvre ou espace. <\/p>\n<p>Disponible dans des tons nobles comme dor\u00e9, argent\u00e9, blanc d\u00e9cap\u00e9 et noir, cette collection s&#8217;harmonise gracieusement avec les int\u00e9rieurs classiques, \u00e9clectiques ou d&#8217;inspiration vintage.<\/p>\n","protected":false},"excerpt":{"rendered":"<p>Inspir\u00e9e par le raffinement de la tradition europ\u00e9enne, la collection La Rochelle c\u00e9l\u00e8bre la beaut\u00e9 intemporelle de la sculpture classique<\/p>\n","protected":false},"featured_media":32943,"comment_status":"closed","ping_status":"closed","template":"","meta":[],"product_brand":[],"product_cat":[261],"product_tag":[181,176,166],"class_list":{"0":"post-51512","1":"product","2":"type-product","3":"status-publish","4":"has-post-thumbnail","6":"product_cat-cadres","7":"product_tag-integre-pim","8":"product_tag-petites-dimensions","9":"product_tag-produits-en-ligne","11":"first","12":"instock","13":"shipping-taxable","14":"purchasable","15":"product-type-simple"},"_links":{"self":[{"href":"https:\/\/casacumbia.com\/en\/wp-json\/wp\/v2\/product\/51512","targetHints":{"allow":["GET"]}}],"collection":[{"href":"https:\/\/casacumbia.com\/en\/wp-json\/wp\/v2\/product"}],"about":[{"href":"https:\/\/casacumbia.com\/en\/wp-json\/wp\/v2\/types\/product"}],"replies":[{"embeddable":true,"href":"https:\/\/casacumbia.com\/en\/wp-json\/wp\/v2\/comments?post=51512"}],"version-history":[{"count":1,"href":"https:\/\/casacumbia.com\/en\/wp-json\/wp\/v2\/product\/51512\/revisions"}],"predecessor-version":[{"id":52562,"href":"https:\/\/casacumbia.com\/en\/wp-json\/wp\/v2\/product\/51512\/revisions\/52562"}],"wp:featuredmedia":[{"embeddable":true,"href":"https:\/\/casacumbia.com\/en\/wp-json\/wp\/v2\/media\/32943"}],"wp:attachment":[{"href":"https:\/\/casacumbia.com\/en\/wp-json\/wp\/v2\/media?parent=51512"}],"wp:term":[{"taxonomy":"product_brand","embeddable":true,"href":"https:\/\/casacumbia.com\/en\/wp-json\/wp\/v2\/product_brand?post=51512"},{"taxonomy":"product_cat","embeddable":true,"href":"https:\/\/casacumbia.com\/en\/wp-json\/wp\/v2\/product_cat?post=51512"},{"taxonomy":"product_tag","embeddable":true,"href":"https:\/\/casacumbia.com\/en\/wp-json\/wp\/v2\/product_tag?post=51512"}],"curies":[{"name":"wp","href":"https:\/\/api.w.org\/{rel}","templated":true}]}}