{"id":51501,"date":"2025-07-20T18:20:31","date_gmt":"2025-07-20T16:20:31","guid":{"rendered":"https:\/\/casacumbia.com\/product\/support-et-reserve-pour-papier-avec-base-en-verre-blanc-huraa\/"},"modified":"2025-09-21T15:20:13","modified_gmt":"2025-09-21T13:20:13","slug":"support-et-reserve-pour-papier-avec-base-en-verre-blanc-huraa","status":"publish","type":"product","link":"https:\/\/casacumbia.com\/en\/produit\/support-et-reserve-pour-papier-avec-base-en-verre-blanc-huraa\/","title":{"rendered":"Support et R\u00e9serve pour Papier avec Base en Verre Blanc HURAA"},"content":{"rendered":"<p>Support et R\u00e9serve pour Papier avec Base en Verre Blanc HURAA. Une pi\u00e8ce essentielle de casacumbia, parfaite pour apporter une touche de style et de confort \u00e0 votre espace avec originalit\u00e9 et charme. <\/p>\n","protected":false},"excerpt":{"rendered":"<p>Support et R\u00e9serve pour Papier avec Base en Verre Blanc HURAA. Une pi\u00e8ce essentielle de casacumbia, parfaite pour apporter une<\/p>\n","protected":false},"featured_media":32927,"comment_status":"closed","ping_status":"closed","template":"","meta":[],"product_brand":[],"product_cat":[266],"product_tag":[181,176,166],"class_list":{"0":"post-51501","1":"product","2":"type-product","3":"status-publish","4":"has-post-thumbnail","6":"product_cat-poubelle","7":"product_tag-integre-pim","8":"product_tag-petites-dimensions","9":"product_tag-produits-en-ligne","11":"first","12":"instock","13":"shipping-taxable","14":"purchasable","15":"product-type-simple"},"_links":{"self":[{"href":"https:\/\/casacumbia.com\/en\/wp-json\/wp\/v2\/product\/51501","targetHints":{"allow":["GET"]}}],"collection":[{"href":"https:\/\/casacumbia.com\/en\/wp-json\/wp\/v2\/product"}],"about":[{"href":"https:\/\/casacumbia.com\/en\/wp-json\/wp\/v2\/types\/product"}],"replies":[{"embeddable":true,"href":"https:\/\/casacumbia.com\/en\/wp-json\/wp\/v2\/comments?post=51501"}],"version-history":[{"count":2,"href":"https:\/\/casacumbia.com\/en\/wp-json\/wp\/v2\/product\/51501\/revisions"}],"predecessor-version":[{"id":54290,"href":"https:\/\/casacumbia.com\/en\/wp-json\/wp\/v2\/product\/51501\/revisions\/54290"}],"wp:featuredmedia":[{"embeddable":true,"href":"https:\/\/casacumbia.com\/en\/wp-json\/wp\/v2\/media\/32927"}],"wp:attachment":[{"href":"https:\/\/casacumbia.com\/en\/wp-json\/wp\/v2\/media?parent=51501"}],"wp:term":[{"taxonomy":"product_brand","embeddable":true,"href":"https:\/\/casacumbia.com\/en\/wp-json\/wp\/v2\/product_brand?post=51501"},{"taxonomy":"product_cat","embeddable":true,"href":"https:\/\/casacumbia.com\/en\/wp-json\/wp\/v2\/product_cat?post=51501"},{"taxonomy":"product_tag","embeddable":true,"href":"https:\/\/casacumbia.com\/en\/wp-json\/wp\/v2\/product_tag?post=51501"}],"curies":[{"name":"wp","href":"https:\/\/api.w.org\/{rel}","templated":true}]}}