{"id":51490,"date":"2025-07-20T18:26:58","date_gmt":"2025-07-20T16:26:58","guid":{"rendered":"https:\/\/casacumbia.com\/product\/cadre-argente-avec-pied-10x15-shiny-brushed\/"},"modified":"2025-09-21T15:20:10","modified_gmt":"2025-09-21T13:20:10","slug":"cadre-argente-avec-pied-10x15-shiny-brushed","status":"publish","type":"product","link":"https:\/\/casacumbia.com\/en\/produit\/cadre-argente-avec-pied-10x15-shiny-brushed\/","title":{"rendered":"Cadre avec Pied Argent\u00e9 10&#215;15 SHINY  BRUSHED"},"content":{"rendered":"<p>Cadres contemporains en m\u00e9tal au design simple et \u00e9l\u00e9gant, disponibles en dor\u00e9, argent\u00e9 et rose gold. La collection combine des finitions brillantes et bross\u00e9es, cr\u00e9ant un contraste subtil entre lumi\u00e8re et texture. Parfaits pour mettre en valeur des \u0153uvres d&#8217;art ou des photographies avec sophistication et style.  <\/p>\n","protected":false},"excerpt":{"rendered":"<p>Cadres contemporains en m\u00e9tal au design simple et \u00e9l\u00e9gant, disponibles en dor\u00e9, argent\u00e9 et rose gold. La collection combine des<\/p>\n","protected":false},"featured_media":37224,"comment_status":"closed","ping_status":"closed","template":"","meta":[],"product_brand":[],"product_cat":[261],"product_tag":[181,176,166],"class_list":{"0":"post-51490","1":"product","2":"type-product","3":"status-publish","4":"has-post-thumbnail","6":"product_cat-cadres","7":"product_tag-integre-pim","8":"product_tag-petites-dimensions","9":"product_tag-produits-en-ligne","11":"first","12":"instock","13":"shipping-taxable","14":"purchasable","15":"product-type-simple"},"_links":{"self":[{"href":"https:\/\/casacumbia.com\/en\/wp-json\/wp\/v2\/product\/51490","targetHints":{"allow":["GET"]}}],"collection":[{"href":"https:\/\/casacumbia.com\/en\/wp-json\/wp\/v2\/product"}],"about":[{"href":"https:\/\/casacumbia.com\/en\/wp-json\/wp\/v2\/types\/product"}],"replies":[{"embeddable":true,"href":"https:\/\/casacumbia.com\/en\/wp-json\/wp\/v2\/comments?post=51490"}],"version-history":[{"count":1,"href":"https:\/\/casacumbia.com\/en\/wp-json\/wp\/v2\/product\/51490\/revisions"}],"predecessor-version":[{"id":51774,"href":"https:\/\/casacumbia.com\/en\/wp-json\/wp\/v2\/product\/51490\/revisions\/51774"}],"wp:featuredmedia":[{"embeddable":true,"href":"https:\/\/casacumbia.com\/en\/wp-json\/wp\/v2\/media\/37224"}],"wp:attachment":[{"href":"https:\/\/casacumbia.com\/en\/wp-json\/wp\/v2\/media?parent=51490"}],"wp:term":[{"taxonomy":"product_brand","embeddable":true,"href":"https:\/\/casacumbia.com\/en\/wp-json\/wp\/v2\/product_brand?post=51490"},{"taxonomy":"product_cat","embeddable":true,"href":"https:\/\/casacumbia.com\/en\/wp-json\/wp\/v2\/product_cat?post=51490"},{"taxonomy":"product_tag","embeddable":true,"href":"https:\/\/casacumbia.com\/en\/wp-json\/wp\/v2\/product_tag?post=51490"}],"curies":[{"name":"wp","href":"https:\/\/api.w.org\/{rel}","templated":true}]}}