{"id":51467,"date":"2025-07-20T18:26:35","date_gmt":"2025-07-20T16:26:35","guid":{"rendered":"https:\/\/casacumbia.com\/product\/serviette-de-bain-pour-le-visage-en-coton-vert-fonce-4everyday\/"},"modified":"2025-09-21T15:20:04","modified_gmt":"2025-09-21T13:20:04","slug":"serviette-de-bain-pour-le-visage-en-coton-vert-fonce-4everyday","status":"publish","type":"product","link":"https:\/\/casacumbia.com\/en\/produit\/serviette-de-bain-pour-le-visage-en-coton-vert-fonce-4everyday\/","title":{"rendered":"Serviette de Toilette Visage Coton Vert Fonc\u00e9 4EVERYDAY"},"content":{"rendered":"<p><span data-sheets-root=\"1\">Compos\u00e9es de 100 % coton, ces serviettes ont une texture douce et agr\u00e9able au toucher, une haute capacit\u00e9 d&#8217;absorption et un s\u00e9chage rapide. Elles r\u00e9sistent \u00e0 l&#8217;usage quotidien et restent confortables m\u00eame apr\u00e8s plusieurs lavages. Elles sont disponibles dans des couleurs neutres et actuelles, qui s&#8217;adaptent facilement au style de toute salle de bain.  <\/span><\/p>\n","protected":false},"excerpt":{"rendered":"<p>Compos\u00e9es de 100 % coton, ces serviettes ont une texture douce et agr\u00e9able au toucher, une haute capacit\u00e9 d&#8217;absorption et<\/p>\n","protected":false},"featured_media":37100,"comment_status":"closed","ping_status":"closed","template":"","meta":[],"product_brand":[],"product_cat":[299],"product_tag":[181,176,166],"class_list":{"0":"post-51467","1":"product","2":"type-product","3":"status-publish","4":"has-post-thumbnail","6":"product_cat-linge-de-bain","7":"product_tag-integre-pim","8":"product_tag-petites-dimensions","9":"product_tag-produits-en-ligne","11":"first","12":"instock","13":"shipping-taxable","14":"purchasable","15":"product-type-simple"},"_links":{"self":[{"href":"https:\/\/casacumbia.com\/en\/wp-json\/wp\/v2\/product\/51467","targetHints":{"allow":["GET"]}}],"collection":[{"href":"https:\/\/casacumbia.com\/en\/wp-json\/wp\/v2\/product"}],"about":[{"href":"https:\/\/casacumbia.com\/en\/wp-json\/wp\/v2\/types\/product"}],"replies":[{"embeddable":true,"href":"https:\/\/casacumbia.com\/en\/wp-json\/wp\/v2\/comments?post=51467"}],"version-history":[{"count":1,"href":"https:\/\/casacumbia.com\/en\/wp-json\/wp\/v2\/product\/51467\/revisions"}],"predecessor-version":[{"id":51758,"href":"https:\/\/casacumbia.com\/en\/wp-json\/wp\/v2\/product\/51467\/revisions\/51758"}],"wp:featuredmedia":[{"embeddable":true,"href":"https:\/\/casacumbia.com\/en\/wp-json\/wp\/v2\/media\/37100"}],"wp:attachment":[{"href":"https:\/\/casacumbia.com\/en\/wp-json\/wp\/v2\/media?parent=51467"}],"wp:term":[{"taxonomy":"product_brand","embeddable":true,"href":"https:\/\/casacumbia.com\/en\/wp-json\/wp\/v2\/product_brand?post=51467"},{"taxonomy":"product_cat","embeddable":true,"href":"https:\/\/casacumbia.com\/en\/wp-json\/wp\/v2\/product_cat?post=51467"},{"taxonomy":"product_tag","embeddable":true,"href":"https:\/\/casacumbia.com\/en\/wp-json\/wp\/v2\/product_tag?post=51467"}],"curies":[{"name":"wp","href":"https:\/\/api.w.org\/{rel}","templated":true}]}}