{"id":51459,"date":"2025-07-20T18:26:35","date_gmt":"2025-07-20T16:26:35","guid":{"rendered":"https:\/\/casacumbia.com\/product\/matelas-a-ressorts-ensaches-mi-ferme-140x200-apus\/"},"modified":"2025-09-21T15:20:00","modified_gmt":"2025-09-21T13:20:00","slug":"matelas-a-ressorts-ensaches-mi-ferme-140x200-apus","status":"publish","type":"product","link":"https:\/\/casacumbia.com\/en\/produit\/matelas-a-ressorts-ensaches-mi-ferme-140x200-apus\/","title":{"rendered":"Matelas \u00e0 Ressorts Ensach\u00e9s Fermet\u00e9 Moyenne 140&#215;200 APUS"},"content":{"rendered":"<p>Ne jamais laisser le matelas plus d&#8217;un mois dans la m\u00eame position. L&#8217;id\u00e9al est de le retourner tous les 15 jours pendant les 4 premiers mois d&#8217;utilisation, puis de r\u00e9p\u00e9ter cette op\u00e9ration tous les 30 jours. La rotation du matelas doit \u00eatre effectu\u00e9e \u00e0 180\u00b0M\u00e9thode de nettoyage recommand\u00e9e : aspiration<br \/>Laisser respirer le matelas. Chaque fois que vous changez la literie, nous conseillons de l&#8217;a\u00e9rer pendant quelques heures.<br \/>Utilisez un prot\u00e8ge-matelas dans la mesure du possible.\u00c9vitez que les enfants sautent ou se tiennent debout sur le matelas.Si votre matelas a plus de 5 ans d&#8217;utilisation, vous devriez envisager d&#8217;en acqu\u00e9rir un nouveau pour garantir le soulagement de la pression et le positionnement ad\u00e9quat de votre corps.   <\/p>\n","protected":false},"excerpt":{"rendered":"<p>Ne jamais laisser le matelas plus d&#8217;un mois dans la m\u00eame position. L&#8217;id\u00e9al est de le retourner tous les 15<\/p>\n","protected":false},"featured_media":37136,"comment_status":"closed","ping_status":"closed","template":"","meta":[],"product_brand":[],"product_cat":[249,149],"product_tag":[202,173,181,166],"class_list":{"0":"post-51459","1":"product","2":"type-product","3":"status-publish","4":"has-post-thumbnail","6":"product_cat-matelas","7":"product_cat-furniture-2","8":"product_tag-bienvenue","9":"product_tag-grandes-dimensions","10":"product_tag-integre-pim","11":"product_tag-produits-en-ligne","13":"first","14":"instock","15":"shipping-taxable","16":"purchasable","17":"product-type-simple"},"_links":{"self":[{"href":"https:\/\/casacumbia.com\/en\/wp-json\/wp\/v2\/product\/51459","targetHints":{"allow":["GET"]}}],"collection":[{"href":"https:\/\/casacumbia.com\/en\/wp-json\/wp\/v2\/product"}],"about":[{"href":"https:\/\/casacumbia.com\/en\/wp-json\/wp\/v2\/types\/product"}],"replies":[{"embeddable":true,"href":"https:\/\/casacumbia.com\/en\/wp-json\/wp\/v2\/comments?post=51459"}],"version-history":[{"count":1,"href":"https:\/\/casacumbia.com\/en\/wp-json\/wp\/v2\/product\/51459\/revisions"}],"predecessor-version":[{"id":51750,"href":"https:\/\/casacumbia.com\/en\/wp-json\/wp\/v2\/product\/51459\/revisions\/51750"}],"wp:featuredmedia":[{"embeddable":true,"href":"https:\/\/casacumbia.com\/en\/wp-json\/wp\/v2\/media\/37136"}],"wp:attachment":[{"href":"https:\/\/casacumbia.com\/en\/wp-json\/wp\/v2\/media?parent=51459"}],"wp:term":[{"taxonomy":"product_brand","embeddable":true,"href":"https:\/\/casacumbia.com\/en\/wp-json\/wp\/v2\/product_brand?post=51459"},{"taxonomy":"product_cat","embeddable":true,"href":"https:\/\/casacumbia.com\/en\/wp-json\/wp\/v2\/product_cat?post=51459"},{"taxonomy":"product_tag","embeddable":true,"href":"https:\/\/casacumbia.com\/en\/wp-json\/wp\/v2\/product_tag?post=51459"}],"curies":[{"name":"wp","href":"https:\/\/api.w.org\/{rel}","templated":true}]}}