{"id":51456,"date":"2025-07-20T18:26:34","date_gmt":"2025-07-20T16:26:34","guid":{"rendered":"https:\/\/casacumbia.com\/product\/fauteuil-avec-coussin-gris-et-dossier-en-rotin-ozawa\/"},"modified":"2025-09-21T15:19:59","modified_gmt":"2025-09-21T13:19:59","slug":"fauteuil-avec-coussin-gris-et-dossier-en-rotin-ozawa","status":"publish","type":"product","link":"https:\/\/casacumbia.com\/en\/produit\/fauteuil-avec-coussin-gris-et-dossier-en-rotin-ozawa\/","title":{"rendered":"Fauteuil avec Coussin Gris et Dossier en Rotin OZAWA"},"content":{"rendered":"<p>Fauteuil avec Coussin Gris et Dossier en Rotin OZAWA. Une pi\u00e8ce essentielle de casacumbia, parfaite pour apporter une touche de style et de confort \u00e0 votre espace avec originalit\u00e9 et charme. <\/p>\n","protected":false},"excerpt":{"rendered":"<p>Fauteuil avec Coussin Gris et Dossier en Rotin OZAWA. Une pi\u00e8ce essentielle de casacumbia, parfaite pour apporter une touche de<\/p>\n","protected":false},"featured_media":37057,"comment_status":"closed","ping_status":"closed","template":"","meta":[],"product_brand":[],"product_cat":[246,182,204],"product_tag":[173,181,166],"class_list":{"0":"post-51456","1":"product","2":"type-product","3":"status-publish","4":"has-post-thumbnail","6":"product_cat-canapes","7":"product_cat-textiles-2","8":"product_cat-promotions-2","9":"product_tag-grandes-dimensions","10":"product_tag-integre-pim","11":"product_tag-produits-en-ligne","13":"first","14":"instock","15":"sale","16":"shipping-taxable","17":"purchasable","18":"product-type-simple"},"_links":{"self":[{"href":"https:\/\/casacumbia.com\/en\/wp-json\/wp\/v2\/product\/51456","targetHints":{"allow":["GET"]}}],"collection":[{"href":"https:\/\/casacumbia.com\/en\/wp-json\/wp\/v2\/product"}],"about":[{"href":"https:\/\/casacumbia.com\/en\/wp-json\/wp\/v2\/types\/product"}],"replies":[{"embeddable":true,"href":"https:\/\/casacumbia.com\/en\/wp-json\/wp\/v2\/comments?post=51456"}],"version-history":[{"count":2,"href":"https:\/\/casacumbia.com\/en\/wp-json\/wp\/v2\/product\/51456\/revisions"}],"predecessor-version":[{"id":54286,"href":"https:\/\/casacumbia.com\/en\/wp-json\/wp\/v2\/product\/51456\/revisions\/54286"}],"wp:featuredmedia":[{"embeddable":true,"href":"https:\/\/casacumbia.com\/en\/wp-json\/wp\/v2\/media\/37057"}],"wp:attachment":[{"href":"https:\/\/casacumbia.com\/en\/wp-json\/wp\/v2\/media?parent=51456"}],"wp:term":[{"taxonomy":"product_brand","embeddable":true,"href":"https:\/\/casacumbia.com\/en\/wp-json\/wp\/v2\/product_brand?post=51456"},{"taxonomy":"product_cat","embeddable":true,"href":"https:\/\/casacumbia.com\/en\/wp-json\/wp\/v2\/product_cat?post=51456"},{"taxonomy":"product_tag","embeddable":true,"href":"https:\/\/casacumbia.com\/en\/wp-json\/wp\/v2\/product_tag?post=51456"}],"curies":[{"name":"wp","href":"https:\/\/api.w.org\/{rel}","templated":true}]}}