{"id":51455,"date":"2025-07-20T18:26:34","date_gmt":"2025-07-20T16:26:34","guid":{"rendered":"https:\/\/casacumbia.com\/product\/lampe-led-boule-blanche-swan\/"},"modified":"2025-09-21T15:19:59","modified_gmt":"2025-09-21T13:19:59","slug":"lampe-led-boule-blanche-swan","status":"publish","type":"product","link":"https:\/\/casacumbia.com\/en\/produit\/lampe-led-boule-blanche-swan\/","title":{"rendered":"Ampoule LED Boule Blanche SWAN"},"content":{"rendered":"<p>La collection SWAN propose des ampoules LED pour le quotidien avec une touche de l\u00e9g\u00e8ret\u00e9 et d&#8217;\u00e9l\u00e9gance. Con\u00e7ue pour \u00e9clairer avec efficacit\u00e9, douceur et simplicit\u00e9.<br \/>Fonctionnelles, polyvalentes et fid\u00e8les \u00e0 l&#8217;essentiel \u2014 comme le nom l&#8217;inspire : silencieuses, gracieuses, indispensables. <\/p>\n","protected":false},"excerpt":{"rendered":"<p>La collection SWAN propose des ampoules LED pour le quotidien avec une touche de l\u00e9g\u00e8ret\u00e9 et d&#8217;\u00e9l\u00e9gance. Con\u00e7ue pour \u00e9clairer<\/p>\n","protected":false},"featured_media":37063,"comment_status":"closed","ping_status":"closed","template":"","meta":[],"product_brand":[],"product_cat":[201],"product_tag":[181,176,166],"class_list":{"0":"post-51455","1":"product","2":"type-product","3":"status-publish","4":"has-post-thumbnail","6":"product_cat-lighting-2","7":"product_tag-integre-pim","8":"product_tag-petites-dimensions","9":"product_tag-produits-en-ligne","11":"first","12":"instock","13":"shipping-taxable","14":"purchasable","15":"product-type-simple"},"_links":{"self":[{"href":"https:\/\/casacumbia.com\/en\/wp-json\/wp\/v2\/product\/51455","targetHints":{"allow":["GET"]}}],"collection":[{"href":"https:\/\/casacumbia.com\/en\/wp-json\/wp\/v2\/product"}],"about":[{"href":"https:\/\/casacumbia.com\/en\/wp-json\/wp\/v2\/types\/product"}],"replies":[{"embeddable":true,"href":"https:\/\/casacumbia.com\/en\/wp-json\/wp\/v2\/comments?post=51455"}],"version-history":[{"count":1,"href":"https:\/\/casacumbia.com\/en\/wp-json\/wp\/v2\/product\/51455\/revisions"}],"predecessor-version":[{"id":51698,"href":"https:\/\/casacumbia.com\/en\/wp-json\/wp\/v2\/product\/51455\/revisions\/51698"}],"wp:featuredmedia":[{"embeddable":true,"href":"https:\/\/casacumbia.com\/en\/wp-json\/wp\/v2\/media\/37063"}],"wp:attachment":[{"href":"https:\/\/casacumbia.com\/en\/wp-json\/wp\/v2\/media?parent=51455"}],"wp:term":[{"taxonomy":"product_brand","embeddable":true,"href":"https:\/\/casacumbia.com\/en\/wp-json\/wp\/v2\/product_brand?post=51455"},{"taxonomy":"product_cat","embeddable":true,"href":"https:\/\/casacumbia.com\/en\/wp-json\/wp\/v2\/product_cat?post=51455"},{"taxonomy":"product_tag","embeddable":true,"href":"https:\/\/casacumbia.com\/en\/wp-json\/wp\/v2\/product_tag?post=51455"}],"curies":[{"name":"wp","href":"https:\/\/api.w.org\/{rel}","templated":true}]}}