{"id":51434,"date":"2025-07-20T18:26:34","date_gmt":"2025-07-20T16:26:34","guid":{"rendered":"https:\/\/casacumbia.com\/product\/fauteuil-jaune-avec-coussin-jaune-et-accoudoirs-barber\/"},"modified":"2025-09-21T15:19:55","modified_gmt":"2025-09-21T13:19:55","slug":"fauteuil-jaune-avec-coussin-jaune-et-accoudoirs-barber","status":"publish","type":"product","link":"https:\/\/casacumbia.com\/en\/produit\/fauteuil-jaune-avec-coussin-jaune-et-accoudoirs-barber\/","title":{"rendered":"Fauteuil Jaune avec Coussin Jaune et Avec Accoudoirs BARBER"},"content":{"rendered":"<p>Fauteuil Jaune avec Coussin Jaune et Avec Accoudoirs BARBER. Une pi\u00e8ce essentielle de casacumbia, parfaite pour apporter une touche de style et de confort \u00e0 votre espace avec originalit\u00e9 et charme. <\/p>\n","protected":false},"excerpt":{"rendered":"<p>Fauteuil Jaune avec Coussin Jaune et Avec Accoudoirs BARBER. Une pi\u00e8ce essentielle de casacumbia, parfaite pour apporter une touche de<\/p>\n","protected":false},"featured_media":37051,"comment_status":"closed","ping_status":"closed","template":"","meta":[],"product_brand":[],"product_cat":[246,182,204],"product_tag":[173,181,166],"class_list":{"0":"post-51434","1":"product","2":"type-product","3":"status-publish","4":"has-post-thumbnail","6":"product_cat-canapes","7":"product_cat-textiles-2","8":"product_cat-promotions-2","9":"product_tag-grandes-dimensions","10":"product_tag-integre-pim","11":"product_tag-produits-en-ligne","13":"first","14":"instock","15":"sale","16":"shipping-taxable","17":"purchasable","18":"product-type-simple"},"_links":{"self":[{"href":"https:\/\/casacumbia.com\/en\/wp-json\/wp\/v2\/product\/51434","targetHints":{"allow":["GET"]}}],"collection":[{"href":"https:\/\/casacumbia.com\/en\/wp-json\/wp\/v2\/product"}],"about":[{"href":"https:\/\/casacumbia.com\/en\/wp-json\/wp\/v2\/types\/product"}],"replies":[{"embeddable":true,"href":"https:\/\/casacumbia.com\/en\/wp-json\/wp\/v2\/comments?post=51434"}],"version-history":[{"count":2,"href":"https:\/\/casacumbia.com\/en\/wp-json\/wp\/v2\/product\/51434\/revisions"}],"predecessor-version":[{"id":54284,"href":"https:\/\/casacumbia.com\/en\/wp-json\/wp\/v2\/product\/51434\/revisions\/54284"}],"wp:featuredmedia":[{"embeddable":true,"href":"https:\/\/casacumbia.com\/en\/wp-json\/wp\/v2\/media\/37051"}],"wp:attachment":[{"href":"https:\/\/casacumbia.com\/en\/wp-json\/wp\/v2\/media?parent=51434"}],"wp:term":[{"taxonomy":"product_brand","embeddable":true,"href":"https:\/\/casacumbia.com\/en\/wp-json\/wp\/v2\/product_brand?post=51434"},{"taxonomy":"product_cat","embeddable":true,"href":"https:\/\/casacumbia.com\/en\/wp-json\/wp\/v2\/product_cat?post=51434"},{"taxonomy":"product_tag","embeddable":true,"href":"https:\/\/casacumbia.com\/en\/wp-json\/wp\/v2\/product_tag?post=51434"}],"curies":[{"name":"wp","href":"https:\/\/api.w.org\/{rel}","templated":true}]}}