{"id":51419,"date":"2025-07-20T18:26:22","date_gmt":"2025-07-20T16:26:22","guid":{"rendered":"https:\/\/casacumbia.com\/product\/banc-en-tissu-de-lin-lecco\/"},"modified":"2025-09-21T15:19:50","modified_gmt":"2025-09-21T13:19:50","slug":"banc-en-tissu-de-lin-lecco","status":"publish","type":"product","link":"https:\/\/casacumbia.com\/en\/produit\/banc-en-tissu-de-lin-lecco\/","title":{"rendered":"Banc avec Tissu en Lin LECCO"},"content":{"rendered":"<p>Banc avec Tissu en Lin LECCO. Une pi\u00e8ce essentielle de casacumbia, parfaite pour apporter une touche de style et de confort \u00e0 votre espace avec originalit\u00e9 et charme. <\/p>\n","protected":false},"excerpt":{"rendered":"<p>Banc avec Tissu en Lin LECCO. Une pi\u00e8ce essentielle de casacumbia, parfaite pour apporter une touche de style et de<\/p>\n","protected":false},"featured_media":36946,"comment_status":"closed","ping_status":"closed","template":"","meta":[],"product_brand":[],"product_cat":[182,247,204],"product_tag":[173,181,166],"class_list":{"0":"post-51419","1":"product","2":"type-product","3":"status-publish","4":"has-post-thumbnail","6":"product_cat-textiles-2","7":"product_cat-meublesalon","8":"product_cat-promotions-2","9":"product_tag-grandes-dimensions","10":"product_tag-integre-pim","11":"product_tag-produits-en-ligne","13":"first","14":"instock","15":"sale","16":"shipping-taxable","17":"purchasable","18":"product-type-simple"},"_links":{"self":[{"href":"https:\/\/casacumbia.com\/en\/wp-json\/wp\/v2\/product\/51419","targetHints":{"allow":["GET"]}}],"collection":[{"href":"https:\/\/casacumbia.com\/en\/wp-json\/wp\/v2\/product"}],"about":[{"href":"https:\/\/casacumbia.com\/en\/wp-json\/wp\/v2\/types\/product"}],"replies":[{"embeddable":true,"href":"https:\/\/casacumbia.com\/en\/wp-json\/wp\/v2\/comments?post=51419"}],"version-history":[{"count":2,"href":"https:\/\/casacumbia.com\/en\/wp-json\/wp\/v2\/product\/51419\/revisions"}],"predecessor-version":[{"id":54281,"href":"https:\/\/casacumbia.com\/en\/wp-json\/wp\/v2\/product\/51419\/revisions\/54281"}],"wp:featuredmedia":[{"embeddable":true,"href":"https:\/\/casacumbia.com\/en\/wp-json\/wp\/v2\/media\/36946"}],"wp:attachment":[{"href":"https:\/\/casacumbia.com\/en\/wp-json\/wp\/v2\/media?parent=51419"}],"wp:term":[{"taxonomy":"product_brand","embeddable":true,"href":"https:\/\/casacumbia.com\/en\/wp-json\/wp\/v2\/product_brand?post=51419"},{"taxonomy":"product_cat","embeddable":true,"href":"https:\/\/casacumbia.com\/en\/wp-json\/wp\/v2\/product_cat?post=51419"},{"taxonomy":"product_tag","embeddable":true,"href":"https:\/\/casacumbia.com\/en\/wp-json\/wp\/v2\/product_tag?post=51419"}],"curies":[{"name":"wp","href":"https:\/\/api.w.org\/{rel}","templated":true}]}}