{"id":51413,"date":"2025-07-20T18:26:22","date_gmt":"2025-07-20T16:26:22","guid":{"rendered":"https:\/\/casacumbia.com\/product\/fauteuil-en-lin-et-coton-avec-dossier-rouge-elgar\/"},"modified":"2025-09-21T15:19:49","modified_gmt":"2025-09-21T13:19:49","slug":"fauteuil-en-lin-et-coton-avec-dossier-rouge-elgar","status":"publish","type":"product","link":"https:\/\/casacumbia.com\/en\/produit\/fauteuil-en-lin-et-coton-avec-dossier-rouge-elgar\/","title":{"rendered":"Fauteuil en Lin et Coton avec Dossier Rouge ELGAR"},"content":{"rendered":"<p>Fauteuil en Lin et Coton avec Dossier Rouge ELGAR. Une pi\u00e8ce essentielle de casacumbia, parfaite pour apporter une touche de style et de confort \u00e0 votre espace avec originalit\u00e9 et charme. <\/p>\n","protected":false},"excerpt":{"rendered":"<p>Fauteuil en Lin et Coton avec Dossier Rouge ELGAR. Une pi\u00e8ce essentielle de casacumbia, parfaite pour apporter une touche de<\/p>\n","protected":false},"featured_media":36963,"comment_status":"closed","ping_status":"closed","template":"","meta":[],"product_brand":[],"product_cat":[246,204],"product_tag":[173,181,166],"class_list":{"0":"post-51413","1":"product","2":"type-product","3":"status-publish","4":"has-post-thumbnail","6":"product_cat-canapes","7":"product_cat-promotions-2","8":"product_tag-grandes-dimensions","9":"product_tag-integre-pim","10":"product_tag-produits-en-ligne","12":"first","13":"instock","14":"sale","15":"shipping-taxable","16":"purchasable","17":"product-type-simple"},"_links":{"self":[{"href":"https:\/\/casacumbia.com\/en\/wp-json\/wp\/v2\/product\/51413","targetHints":{"allow":["GET"]}}],"collection":[{"href":"https:\/\/casacumbia.com\/en\/wp-json\/wp\/v2\/product"}],"about":[{"href":"https:\/\/casacumbia.com\/en\/wp-json\/wp\/v2\/types\/product"}],"replies":[{"embeddable":true,"href":"https:\/\/casacumbia.com\/en\/wp-json\/wp\/v2\/comments?post=51413"}],"version-history":[{"count":2,"href":"https:\/\/casacumbia.com\/en\/wp-json\/wp\/v2\/product\/51413\/revisions"}],"predecessor-version":[{"id":54280,"href":"https:\/\/casacumbia.com\/en\/wp-json\/wp\/v2\/product\/51413\/revisions\/54280"}],"wp:featuredmedia":[{"embeddable":true,"href":"https:\/\/casacumbia.com\/en\/wp-json\/wp\/v2\/media\/36963"}],"wp:attachment":[{"href":"https:\/\/casacumbia.com\/en\/wp-json\/wp\/v2\/media?parent=51413"}],"wp:term":[{"taxonomy":"product_brand","embeddable":true,"href":"https:\/\/casacumbia.com\/en\/wp-json\/wp\/v2\/product_brand?post=51413"},{"taxonomy":"product_cat","embeddable":true,"href":"https:\/\/casacumbia.com\/en\/wp-json\/wp\/v2\/product_cat?post=51413"},{"taxonomy":"product_tag","embeddable":true,"href":"https:\/\/casacumbia.com\/en\/wp-json\/wp\/v2\/product_tag?post=51413"}],"curies":[{"name":"wp","href":"https:\/\/api.w.org\/{rel}","templated":true}]}}