{"id":51407,"date":"2025-07-20T18:26:09","date_gmt":"2025-07-20T16:26:09","guid":{"rendered":"https:\/\/casacumbia.com\/product\/planche-rectangulaire-en-ceramique-oslo\/"},"modified":"2025-09-21T15:19:48","modified_gmt":"2025-09-21T13:19:48","slug":"planche-rectangulaire-en-ceramique-oslo","status":"publish","type":"product","link":"https:\/\/casacumbia.com\/en\/produit\/planche-rectangulaire-en-ceramique-oslo\/","title":{"rendered":"Planche Rectangulaire en C\u00e9ramique OSLO"},"content":{"rendered":"<p>Avec une forte empreinte durable, il s&#8217;agit d&#8217;une collection Made in Portugal, produite en gr\u00e8s \u00e9cologique \u00e0 partir de mat\u00e9riaux recycl\u00e9s, provenant d&#8217;exc\u00e9dents de production de c\u00e9ramiques.<\/p>\n<p>Cette p\u00e2te recycl\u00e9e consiste en plus de 90 % de sous-produits recycl\u00e9s et constitue de nombreux avantages pour l&#8217;environnement.<\/p>\n<p>Assiettes de repas, Planches et un Pichet \u00ab paquet \u00bb sont quelques-uns des \u00e9l\u00e9ments qui constituent la collection OSLO et que vous voudrez avoir sur votre table !<\/p>\n","protected":false},"excerpt":{"rendered":"<p>Avec une forte empreinte durable, il s&#8217;agit d&#8217;une collection Made in Portugal, produite en gr\u00e8s \u00e9cologique \u00e0 partir de mat\u00e9riaux<\/p>\n","protected":false},"featured_media":36865,"comment_status":"closed","ping_status":"closed","template":"","meta":[],"product_brand":[],"product_cat":[282,204],"product_tag":[181,176,166],"class_list":{"0":"post-51407","1":"product","2":"type-product","3":"status-publish","4":"has-post-thumbnail","6":"product_cat-planches","7":"product_cat-promotions-2","8":"product_tag-integre-pim","9":"product_tag-petites-dimensions","10":"product_tag-produits-en-ligne","12":"first","13":"instock","14":"sale","15":"shipping-taxable","16":"purchasable","17":"product-type-simple"},"_links":{"self":[{"href":"https:\/\/casacumbia.com\/en\/wp-json\/wp\/v2\/product\/51407","targetHints":{"allow":["GET"]}}],"collection":[{"href":"https:\/\/casacumbia.com\/en\/wp-json\/wp\/v2\/product"}],"about":[{"href":"https:\/\/casacumbia.com\/en\/wp-json\/wp\/v2\/types\/product"}],"replies":[{"embeddable":true,"href":"https:\/\/casacumbia.com\/en\/wp-json\/wp\/v2\/comments?post=51407"}],"version-history":[{"count":2,"href":"https:\/\/casacumbia.com\/en\/wp-json\/wp\/v2\/product\/51407\/revisions"}],"predecessor-version":[{"id":54381,"href":"https:\/\/casacumbia.com\/en\/wp-json\/wp\/v2\/product\/51407\/revisions\/54381"}],"wp:featuredmedia":[{"embeddable":true,"href":"https:\/\/casacumbia.com\/en\/wp-json\/wp\/v2\/media\/36865"}],"wp:attachment":[{"href":"https:\/\/casacumbia.com\/en\/wp-json\/wp\/v2\/media?parent=51407"}],"wp:term":[{"taxonomy":"product_brand","embeddable":true,"href":"https:\/\/casacumbia.com\/en\/wp-json\/wp\/v2\/product_brand?post=51407"},{"taxonomy":"product_cat","embeddable":true,"href":"https:\/\/casacumbia.com\/en\/wp-json\/wp\/v2\/product_cat?post=51407"},{"taxonomy":"product_tag","embeddable":true,"href":"https:\/\/casacumbia.com\/en\/wp-json\/wp\/v2\/product_tag?post=51407"}],"curies":[{"name":"wp","href":"https:\/\/api.w.org\/{rel}","templated":true}]}}