{"id":51397,"date":"2025-07-20T18:26:22","date_gmt":"2025-07-20T16:26:22","guid":{"rendered":"https:\/\/casacumbia.com\/product\/armoire-en-metal-noir-avec-deux-portes-vitrees-fukui\/"},"modified":"2025-09-21T15:19:45","modified_gmt":"2025-09-21T13:19:45","slug":"armoire-en-metal-noir-avec-deux-portes-vitrees-fukui","status":"publish","type":"product","link":"https:\/\/casacumbia.com\/en\/produit\/armoire-en-metal-noir-avec-deux-portes-vitrees-fukui\/","title":{"rendered":"Armoire en M\u00e9tal Noir avec Deux Portes en Verre FUKUI"},"content":{"rendered":"<p>Armoire en M\u00e9tal Noir avec Deux Portes en Verre FUKUI. Une pi\u00e8ce essentielle de casacumbia, parfaite pour apporter une touche de style et de confort \u00e0 votre espace avec originalit\u00e9 et charme. <\/p>\n","protected":false},"excerpt":{"rendered":"<p>Armoire en M\u00e9tal Noir avec Deux Portes en Verre FUKUI. Une pi\u00e8ce essentielle de casacumbia, parfaite pour apporter une touche<\/p>\n","protected":false},"featured_media":36934,"comment_status":"closed","ping_status":"closed","template":"","meta":[],"product_brand":[],"product_cat":[247,204],"product_tag":[173,181,166],"class_list":{"0":"post-51397","1":"product","2":"type-product","3":"status-publish","4":"has-post-thumbnail","6":"product_cat-meublesalon","7":"product_cat-promotions-2","8":"product_tag-grandes-dimensions","9":"product_tag-integre-pim","10":"product_tag-produits-en-ligne","12":"first","13":"instock","14":"sale","15":"shipping-taxable","16":"purchasable","17":"product-type-simple"},"_links":{"self":[{"href":"https:\/\/casacumbia.com\/en\/wp-json\/wp\/v2\/product\/51397","targetHints":{"allow":["GET"]}}],"collection":[{"href":"https:\/\/casacumbia.com\/en\/wp-json\/wp\/v2\/product"}],"about":[{"href":"https:\/\/casacumbia.com\/en\/wp-json\/wp\/v2\/types\/product"}],"replies":[{"embeddable":true,"href":"https:\/\/casacumbia.com\/en\/wp-json\/wp\/v2\/comments?post=51397"}],"version-history":[{"count":2,"href":"https:\/\/casacumbia.com\/en\/wp-json\/wp\/v2\/product\/51397\/revisions"}],"predecessor-version":[{"id":54269,"href":"https:\/\/casacumbia.com\/en\/wp-json\/wp\/v2\/product\/51397\/revisions\/54269"}],"wp:featuredmedia":[{"embeddable":true,"href":"https:\/\/casacumbia.com\/en\/wp-json\/wp\/v2\/media\/36934"}],"wp:attachment":[{"href":"https:\/\/casacumbia.com\/en\/wp-json\/wp\/v2\/media?parent=51397"}],"wp:term":[{"taxonomy":"product_brand","embeddable":true,"href":"https:\/\/casacumbia.com\/en\/wp-json\/wp\/v2\/product_brand?post=51397"},{"taxonomy":"product_cat","embeddable":true,"href":"https:\/\/casacumbia.com\/en\/wp-json\/wp\/v2\/product_cat?post=51397"},{"taxonomy":"product_tag","embeddable":true,"href":"https:\/\/casacumbia.com\/en\/wp-json\/wp\/v2\/product_tag?post=51397"}],"curies":[{"name":"wp","href":"https:\/\/api.w.org\/{rel}","templated":true}]}}