{"id":51393,"date":"2025-07-20T18:25:58","date_gmt":"2025-07-20T16:25:58","guid":{"rendered":"https:\/\/casacumbia.com\/product\/lit-gris-90x200-cm-gifu\/"},"modified":"2025-09-21T15:19:44","modified_gmt":"2025-09-21T13:19:44","slug":"lit-gris-90x200-cm-gifu","status":"publish","type":"product","link":"https:\/\/casacumbia.com\/en\/produit\/lit-gris-90x200-cm-gifu\/","title":{"rendered":"Lit gris 90&#215;200 cm GIFU"},"content":{"rendered":"<p>En raison du nombre \u00e9lev\u00e9 de ventes, le d\u00e9lai de livraison de l&#8217;article peut \u00eatre sup\u00e9rieur.<\/p>\n","protected":false},"excerpt":{"rendered":"<p>En raison du nombre \u00e9lev\u00e9 de ventes, le d\u00e9lai de livraison de l&#8217;article peut \u00eatre sup\u00e9rieur.<\/p>\n","protected":false},"featured_media":36766,"comment_status":"closed","ping_status":"closed","template":"","meta":[],"product_brand":[],"product_cat":[249,204],"product_tag":[173,181,166],"class_list":{"0":"post-51393","1":"product","2":"type-product","3":"status-publish","4":"has-post-thumbnail","6":"product_cat-matelas","7":"product_cat-promotions-2","8":"product_tag-grandes-dimensions","9":"product_tag-integre-pim","10":"product_tag-produits-en-ligne","12":"first","13":"instock","14":"sale","15":"shipping-taxable","16":"purchasable","17":"product-type-simple"},"_links":{"self":[{"href":"https:\/\/casacumbia.com\/en\/wp-json\/wp\/v2\/product\/51393","targetHints":{"allow":["GET"]}}],"collection":[{"href":"https:\/\/casacumbia.com\/en\/wp-json\/wp\/v2\/product"}],"about":[{"href":"https:\/\/casacumbia.com\/en\/wp-json\/wp\/v2\/types\/product"}],"replies":[{"embeddable":true,"href":"https:\/\/casacumbia.com\/en\/wp-json\/wp\/v2\/comments?post=51393"}],"version-history":[{"count":1,"href":"https:\/\/casacumbia.com\/en\/wp-json\/wp\/v2\/product\/51393\/revisions"}],"predecessor-version":[{"id":51727,"href":"https:\/\/casacumbia.com\/en\/wp-json\/wp\/v2\/product\/51393\/revisions\/51727"}],"wp:featuredmedia":[{"embeddable":true,"href":"https:\/\/casacumbia.com\/en\/wp-json\/wp\/v2\/media\/36766"}],"wp:attachment":[{"href":"https:\/\/casacumbia.com\/en\/wp-json\/wp\/v2\/media?parent=51393"}],"wp:term":[{"taxonomy":"product_brand","embeddable":true,"href":"https:\/\/casacumbia.com\/en\/wp-json\/wp\/v2\/product_brand?post=51393"},{"taxonomy":"product_cat","embeddable":true,"href":"https:\/\/casacumbia.com\/en\/wp-json\/wp\/v2\/product_cat?post=51393"},{"taxonomy":"product_tag","embeddable":true,"href":"https:\/\/casacumbia.com\/en\/wp-json\/wp\/v2\/product_tag?post=51393"}],"curies":[{"name":"wp","href":"https:\/\/api.w.org\/{rel}","templated":true}]}}