{"id":51388,"date":"2025-07-20T18:25:58","date_gmt":"2025-07-20T16:25:58","guid":{"rendered":"https:\/\/casacumbia.com\/product\/meuble-tv-avec-deux-portes-en-rotin-cartago\/"},"modified":"2025-09-21T15:19:43","modified_gmt":"2025-09-21T13:19:43","slug":"meuble-tv-avec-deux-portes-en-rotin-cartago","status":"publish","type":"product","link":"https:\/\/casacumbia.com\/en\/produit\/meuble-tv-avec-deux-portes-en-rotin-cartago\/","title":{"rendered":"Meuble TV \u00e0 deux portes en rotin CARTAGO"},"content":{"rendered":"<p><span data-sheets-root=\"1\">La Collection Cartago allie \u00e9l\u00e9gance naturelle et design contemporain, avec des pi\u00e8ces con\u00e7ues pour le salon et la chambre. Les mat\u00e9riaux \u2014 bois, MDF et rotin \u2014 cr\u00e9ent un \u00e9quilibre parfait entre authenticit\u00e9 et l\u00e9g\u00e8ret\u00e9. Les formes douces et les d\u00e9tails en tressage naturel conf\u00e8rent \u00e0 la collection un charme organique et intemporel, id\u00e9al pour des ambiances chaleureuses et sophistiqu\u00e9es.  <\/span><\/p>\n","protected":false},"excerpt":{"rendered":"<p>La Collection Cartago allie \u00e9l\u00e9gance naturelle et design contemporain, avec des pi\u00e8ces con\u00e7ues pour le salon et la chambre. Les<\/p>\n","protected":false},"featured_media":36775,"comment_status":"closed","ping_status":"closed","template":"","meta":[],"product_brand":[],"product_cat":[247],"product_tag":[173,181,166],"class_list":{"0":"post-51388","1":"product","2":"type-product","3":"status-publish","4":"has-post-thumbnail","6":"product_cat-meublesalon","7":"product_tag-grandes-dimensions","8":"product_tag-integre-pim","9":"product_tag-produits-en-ligne","11":"first","12":"instock","13":"shipping-taxable","14":"purchasable","15":"product-type-simple"},"_links":{"self":[{"href":"https:\/\/casacumbia.com\/en\/wp-json\/wp\/v2\/product\/51388","targetHints":{"allow":["GET"]}}],"collection":[{"href":"https:\/\/casacumbia.com\/en\/wp-json\/wp\/v2\/product"}],"about":[{"href":"https:\/\/casacumbia.com\/en\/wp-json\/wp\/v2\/types\/product"}],"replies":[{"embeddable":true,"href":"https:\/\/casacumbia.com\/en\/wp-json\/wp\/v2\/comments?post=51388"}],"version-history":[{"count":1,"href":"https:\/\/casacumbia.com\/en\/wp-json\/wp\/v2\/product\/51388\/revisions"}],"predecessor-version":[{"id":51721,"href":"https:\/\/casacumbia.com\/en\/wp-json\/wp\/v2\/product\/51388\/revisions\/51721"}],"wp:featuredmedia":[{"embeddable":true,"href":"https:\/\/casacumbia.com\/en\/wp-json\/wp\/v2\/media\/36775"}],"wp:attachment":[{"href":"https:\/\/casacumbia.com\/en\/wp-json\/wp\/v2\/media?parent=51388"}],"wp:term":[{"taxonomy":"product_brand","embeddable":true,"href":"https:\/\/casacumbia.com\/en\/wp-json\/wp\/v2\/product_brand?post=51388"},{"taxonomy":"product_cat","embeddable":true,"href":"https:\/\/casacumbia.com\/en\/wp-json\/wp\/v2\/product_cat?post=51388"},{"taxonomy":"product_tag","embeddable":true,"href":"https:\/\/casacumbia.com\/en\/wp-json\/wp\/v2\/product_tag?post=51388"}],"curies":[{"name":"wp","href":"https:\/\/api.w.org\/{rel}","templated":true}]}}