{"id":51374,"date":"2025-07-20T18:26:09","date_gmt":"2025-07-20T16:26:09","guid":{"rendered":"https:\/\/casacumbia.com\/product\/vitrine-alta-en-fer-noir-avec-deux-portes-chicago\/"},"modified":"2025-09-21T15:19:40","modified_gmt":"2025-09-21T13:19:40","slug":"vitrine-alta-en-fer-noir-avec-deux-portes-chicago","status":"publish","type":"product","link":"https:\/\/casacumbia.com\/en\/produit\/vitrine-alta-en-fer-noir-avec-deux-portes-chicago\/","title":{"rendered":"Vitrine Haute en Fer Noir avec Deux Portes CHICAGO"},"content":{"rendered":"<p>INSPIRATION COLLECTION :<br \/> Collection inspir\u00e9e des formes architecturales de la ville am\u00e9ricaine de Chicago.<br \/> CARACT\u00c9RISTIQUES REMARQUABLES :<br \/> Polyvalence et intemporalit\u00e9 du style industriel avec la combinaison du bois et du m\u00e9tal.<\/p>\n","protected":false},"excerpt":{"rendered":"<p>INSPIRATION COLLECTION : Collection inspir\u00e9e des formes architecturales de la ville am\u00e9ricaine de Chicago. CARACT\u00c9RISTIQUES REMARQUABLES : Polyvalence et intemporalit\u00e9<\/p>\n","protected":false},"featured_media":36827,"comment_status":"closed","ping_status":"closed","template":"","meta":[],"product_brand":[],"product_cat":[247],"product_tag":[173,181,166],"class_list":{"0":"post-51374","1":"product","2":"type-product","3":"status-publish","4":"has-post-thumbnail","6":"product_cat-meublesalon","7":"product_tag-grandes-dimensions","8":"product_tag-integre-pim","9":"product_tag-produits-en-ligne","11":"first","12":"instock","13":"shipping-taxable","14":"purchasable","15":"product-type-simple"},"_links":{"self":[{"href":"https:\/\/casacumbia.com\/en\/wp-json\/wp\/v2\/product\/51374","targetHints":{"allow":["GET"]}}],"collection":[{"href":"https:\/\/casacumbia.com\/en\/wp-json\/wp\/v2\/product"}],"about":[{"href":"https:\/\/casacumbia.com\/en\/wp-json\/wp\/v2\/types\/product"}],"replies":[{"embeddable":true,"href":"https:\/\/casacumbia.com\/en\/wp-json\/wp\/v2\/comments?post=51374"}],"version-history":[{"count":1,"href":"https:\/\/casacumbia.com\/en\/wp-json\/wp\/v2\/product\/51374\/revisions"}],"predecessor-version":[{"id":51816,"href":"https:\/\/casacumbia.com\/en\/wp-json\/wp\/v2\/product\/51374\/revisions\/51816"}],"wp:featuredmedia":[{"embeddable":true,"href":"https:\/\/casacumbia.com\/en\/wp-json\/wp\/v2\/media\/36827"}],"wp:attachment":[{"href":"https:\/\/casacumbia.com\/en\/wp-json\/wp\/v2\/media?parent=51374"}],"wp:term":[{"taxonomy":"product_brand","embeddable":true,"href":"https:\/\/casacumbia.com\/en\/wp-json\/wp\/v2\/product_brand?post=51374"},{"taxonomy":"product_cat","embeddable":true,"href":"https:\/\/casacumbia.com\/en\/wp-json\/wp\/v2\/product_cat?post=51374"},{"taxonomy":"product_tag","embeddable":true,"href":"https:\/\/casacumbia.com\/en\/wp-json\/wp\/v2\/product_tag?post=51374"}],"curies":[{"name":"wp","href":"https:\/\/api.w.org\/{rel}","templated":true}]}}