{"id":51371,"date":"2025-07-20T18:25:46","date_gmt":"2025-07-20T16:25:46","guid":{"rendered":"https:\/\/casacumbia.com\/product\/pichet-vert-1l-retro\/"},"modified":"2025-09-21T15:19:40","modified_gmt":"2025-09-21T13:19:40","slug":"pichet-vert-1l-retro","status":"publish","type":"product","link":"https:\/\/casacumbia.com\/en\/produit\/pichet-vert-1l-retro\/","title":{"rendered":"Pichet Vert 1L RETRO"},"content":{"rendered":"<p>\u00c9l\u00e9gance dans la simplicit\u00e9. La collection RETRO mise sur des verres en verre fin aux lignes droites et au design minimaliste qui \u00e9voque le charme intemporel des pi\u00e8ces classiques. L\u00e9gers, polyvalents et sophistiqu\u00e9s, ils sont id\u00e9aux pour le quotidien avec une touche discr\u00e8te de style vintage.  <\/p>\n","protected":false},"excerpt":{"rendered":"<p>\u00c9l\u00e9gance dans la simplicit\u00e9. La collection RETRO mise sur des verres en verre fin aux lignes droites et au design<\/p>\n","protected":false},"featured_media":36658,"comment_status":"closed","ping_status":"closed","template":"","meta":[],"product_brand":[],"product_cat":[274,204],"product_tag":[181,176,166],"class_list":{"0":"post-51371","1":"product","2":"type-product","3":"status-publish","4":"has-post-thumbnail","6":"product_cat-pichet","7":"product_cat-promotions-2","8":"product_tag-integre-pim","9":"product_tag-petites-dimensions","10":"product_tag-produits-en-ligne","12":"first","13":"instock","14":"sale","15":"shipping-taxable","16":"purchasable","17":"product-type-simple"},"_links":{"self":[{"href":"https:\/\/casacumbia.com\/en\/wp-json\/wp\/v2\/product\/51371","targetHints":{"allow":["GET"]}}],"collection":[{"href":"https:\/\/casacumbia.com\/en\/wp-json\/wp\/v2\/product"}],"about":[{"href":"https:\/\/casacumbia.com\/en\/wp-json\/wp\/v2\/types\/product"}],"replies":[{"embeddable":true,"href":"https:\/\/casacumbia.com\/en\/wp-json\/wp\/v2\/comments?post=51371"}],"version-history":[{"count":1,"href":"https:\/\/casacumbia.com\/en\/wp-json\/wp\/v2\/product\/51371\/revisions"}],"predecessor-version":[{"id":51889,"href":"https:\/\/casacumbia.com\/en\/wp-json\/wp\/v2\/product\/51371\/revisions\/51889"}],"wp:featuredmedia":[{"embeddable":true,"href":"https:\/\/casacumbia.com\/en\/wp-json\/wp\/v2\/media\/36658"}],"wp:attachment":[{"href":"https:\/\/casacumbia.com\/en\/wp-json\/wp\/v2\/media?parent=51371"}],"wp:term":[{"taxonomy":"product_brand","embeddable":true,"href":"https:\/\/casacumbia.com\/en\/wp-json\/wp\/v2\/product_brand?post=51371"},{"taxonomy":"product_cat","embeddable":true,"href":"https:\/\/casacumbia.com\/en\/wp-json\/wp\/v2\/product_cat?post=51371"},{"taxonomy":"product_tag","embeddable":true,"href":"https:\/\/casacumbia.com\/en\/wp-json\/wp\/v2\/product_tag?post=51371"}],"curies":[{"name":"wp","href":"https:\/\/api.w.org\/{rel}","templated":true}]}}