{"id":51370,"date":"2025-07-20T18:25:47","date_gmt":"2025-07-20T16:25:47","guid":{"rendered":"https:\/\/casacumbia.com\/product\/ensemble-de-2-serviettes-jacquard-blanches-chloe\/"},"modified":"2025-09-21T15:19:39","modified_gmt":"2025-09-21T13:19:39","slug":"ensemble-de-2-serviettes-jacquard-blanches-chloe","status":"publish","type":"product","link":"https:\/\/casacumbia.com\/en\/produit\/ensemble-de-2-serviettes-jacquard-blanches-chloe\/","title":{"rendered":"Ensemble 2 Serviettes Jacquard Blanc CHLOE"},"content":{"rendered":"<p>Ensemble 2 Serviettes Jacquard Blanc CHLOE. Une pi\u00e8ce essentielle de casacumbia, parfaite pour apporter une touche de style et de confort \u00e0 votre espace avec originalit\u00e9 et charme. <\/p>\n","protected":false},"excerpt":{"rendered":"<p>Ensemble 2 Serviettes Jacquard Blanc CHLOE. Une pi\u00e8ce essentielle de casacumbia, parfaite pour apporter une touche de style et de<\/p>\n","protected":false},"featured_media":36661,"comment_status":"closed","ping_status":"closed","template":"","meta":[],"product_brand":[],"product_cat":[259,204,134],"product_tag":[181,176,166],"class_list":{"0":"post-51370","1":"product","2":"type-product","3":"status-publish","4":"has-post-thumbnail","6":"product_cat-lingetable","7":"product_cat-promotions-2","8":"product_cat-promotions","9":"product_tag-integre-pim","10":"product_tag-petites-dimensions","11":"product_tag-produits-en-ligne","13":"first","14":"instock","15":"sale","16":"shipping-taxable","17":"purchasable","18":"product-type-simple"},"_links":{"self":[{"href":"https:\/\/casacumbia.com\/en\/wp-json\/wp\/v2\/product\/51370","targetHints":{"allow":["GET"]}}],"collection":[{"href":"https:\/\/casacumbia.com\/en\/wp-json\/wp\/v2\/product"}],"about":[{"href":"https:\/\/casacumbia.com\/en\/wp-json\/wp\/v2\/types\/product"}],"replies":[{"embeddable":true,"href":"https:\/\/casacumbia.com\/en\/wp-json\/wp\/v2\/comments?post=51370"}],"version-history":[{"count":2,"href":"https:\/\/casacumbia.com\/en\/wp-json\/wp\/v2\/product\/51370\/revisions"}],"predecessor-version":[{"id":54255,"href":"https:\/\/casacumbia.com\/en\/wp-json\/wp\/v2\/product\/51370\/revisions\/54255"}],"wp:featuredmedia":[{"embeddable":true,"href":"https:\/\/casacumbia.com\/en\/wp-json\/wp\/v2\/media\/36661"}],"wp:attachment":[{"href":"https:\/\/casacumbia.com\/en\/wp-json\/wp\/v2\/media?parent=51370"}],"wp:term":[{"taxonomy":"product_brand","embeddable":true,"href":"https:\/\/casacumbia.com\/en\/wp-json\/wp\/v2\/product_brand?post=51370"},{"taxonomy":"product_cat","embeddable":true,"href":"https:\/\/casacumbia.com\/en\/wp-json\/wp\/v2\/product_cat?post=51370"},{"taxonomy":"product_tag","embeddable":true,"href":"https:\/\/casacumbia.com\/en\/wp-json\/wp\/v2\/product_tag?post=51370"}],"curies":[{"name":"wp","href":"https:\/\/api.w.org\/{rel}","templated":true}]}}