{"id":51353,"date":"2025-07-20T18:25:57","date_gmt":"2025-07-20T16:25:57","guid":{"rendered":"https:\/\/casacumbia.com\/product\/etoile-argentee-lumineuse-de-noel-20-led-silent-night\/"},"modified":"2025-09-21T15:19:34","modified_gmt":"2025-09-21T13:19:34","slug":"etoile-argentee-lumineuse-de-noel-20-led-silent-night","status":"publish","type":"product","link":"https:\/\/casacumbia.com\/en\/produit\/etoile-argentee-lumineuse-de-noel-20-led-silent-night\/","title":{"rendered":"\u00c9clairage de No\u00ebl \u00c9toile Argent\u00e9e 20 LED SILENT NIGHT"},"content":{"rendered":"","protected":false},"excerpt":{"rendered":"","protected":false},"featured_media":36720,"comment_status":"closed","ping_status":"closed","template":"","meta":[],"product_brand":[],"product_cat":[277,200],"product_tag":[181,176,166],"class_list":{"0":"post-51353","1":"product","2":"type-product","3":"status-publish","4":"has-post-thumbnail","6":"product_cat-eclairagenoel","7":"product_cat-gifts","8":"product_tag-integre-pim","9":"product_tag-petites-dimensions","10":"product_tag-produits-en-ligne","12":"first","13":"instock","14":"shipping-taxable","15":"purchasable","16":"product-type-simple"},"_links":{"self":[{"href":"https:\/\/casacumbia.com\/en\/wp-json\/wp\/v2\/product\/51353","targetHints":{"allow":["GET"]}}],"collection":[{"href":"https:\/\/casacumbia.com\/en\/wp-json\/wp\/v2\/product"}],"about":[{"href":"https:\/\/casacumbia.com\/en\/wp-json\/wp\/v2\/types\/product"}],"replies":[{"embeddable":true,"href":"https:\/\/casacumbia.com\/en\/wp-json\/wp\/v2\/comments?post=51353"}],"version-history":[{"count":1,"href":"https:\/\/casacumbia.com\/en\/wp-json\/wp\/v2\/product\/51353\/revisions"}],"predecessor-version":[{"id":51722,"href":"https:\/\/casacumbia.com\/en\/wp-json\/wp\/v2\/product\/51353\/revisions\/51722"}],"wp:featuredmedia":[{"embeddable":true,"href":"https:\/\/casacumbia.com\/en\/wp-json\/wp\/v2\/media\/36720"}],"wp:attachment":[{"href":"https:\/\/casacumbia.com\/en\/wp-json\/wp\/v2\/media?parent=51353"}],"wp:term":[{"taxonomy":"product_brand","embeddable":true,"href":"https:\/\/casacumbia.com\/en\/wp-json\/wp\/v2\/product_brand?post=51353"},{"taxonomy":"product_cat","embeddable":true,"href":"https:\/\/casacumbia.com\/en\/wp-json\/wp\/v2\/product_cat?post=51353"},{"taxonomy":"product_tag","embeddable":true,"href":"https:\/\/casacumbia.com\/en\/wp-json\/wp\/v2\/product_tag?post=51353"}],"curies":[{"name":"wp","href":"https:\/\/api.w.org\/{rel}","templated":true}]}}