{"id":51305,"date":"2025-07-20T18:25:37","date_gmt":"2025-07-20T16:25:37","guid":{"rendered":"https:\/\/casacumbia.com\/product\/pichet-gris-1430ml-oslo\/"},"modified":"2025-09-21T15:19:21","modified_gmt":"2025-09-21T13:19:21","slug":"pichet-gris-1430ml-oslo","status":"publish","type":"product","link":"https:\/\/casacumbia.com\/en\/produit\/pichet-gris-1430ml-oslo\/","title":{"rendered":"Pichet Gris 1430ml OSLO"},"content":{"rendered":"<p>Sophistiqu\u00e9s et \u00e9l\u00e9gants, la collection OSLO fait la diff\u00e9rence par son design cannel\u00e9, un style vintage qui fait la diff\u00e9rence sur n&#8217;importe quelle table ! Produit en verre transparent et \u00e9galement en tons de gris. <\/p>\n","protected":false},"excerpt":{"rendered":"<p>Sophistiqu\u00e9s et \u00e9l\u00e9gants, la collection OSLO fait la diff\u00e9rence par son design cannel\u00e9, un style vintage qui fait la diff\u00e9rence<\/p>\n","protected":false},"featured_media":36575,"comment_status":"closed","ping_status":"closed","template":"","meta":[],"product_brand":[],"product_cat":[274],"product_tag":[181,176,166],"class_list":{"0":"post-51305","1":"product","2":"type-product","3":"status-publish","4":"has-post-thumbnail","6":"product_cat-pichet","7":"product_tag-integre-pim","8":"product_tag-petites-dimensions","9":"product_tag-produits-en-ligne","11":"first","12":"instock","13":"shipping-taxable","14":"purchasable","15":"product-type-simple"},"_links":{"self":[{"href":"https:\/\/casacumbia.com\/en\/wp-json\/wp\/v2\/product\/51305","targetHints":{"allow":["GET"]}}],"collection":[{"href":"https:\/\/casacumbia.com\/en\/wp-json\/wp\/v2\/product"}],"about":[{"href":"https:\/\/casacumbia.com\/en\/wp-json\/wp\/v2\/types\/product"}],"replies":[{"embeddable":true,"href":"https:\/\/casacumbia.com\/en\/wp-json\/wp\/v2\/comments?post=51305"}],"version-history":[{"count":1,"href":"https:\/\/casacumbia.com\/en\/wp-json\/wp\/v2\/product\/51305\/revisions"}],"predecessor-version":[{"id":51893,"href":"https:\/\/casacumbia.com\/en\/wp-json\/wp\/v2\/product\/51305\/revisions\/51893"}],"wp:featuredmedia":[{"embeddable":true,"href":"https:\/\/casacumbia.com\/en\/wp-json\/wp\/v2\/media\/36575"}],"wp:attachment":[{"href":"https:\/\/casacumbia.com\/en\/wp-json\/wp\/v2\/media?parent=51305"}],"wp:term":[{"taxonomy":"product_brand","embeddable":true,"href":"https:\/\/casacumbia.com\/en\/wp-json\/wp\/v2\/product_brand?post=51305"},{"taxonomy":"product_cat","embeddable":true,"href":"https:\/\/casacumbia.com\/en\/wp-json\/wp\/v2\/product_cat?post=51305"},{"taxonomy":"product_tag","embeddable":true,"href":"https:\/\/casacumbia.com\/en\/wp-json\/wp\/v2\/product_tag?post=51305"}],"curies":[{"name":"wp","href":"https:\/\/api.w.org\/{rel}","templated":true}]}}