{"id":51292,"date":"2025-07-20T18:25:46","date_gmt":"2025-07-20T16:25:46","guid":{"rendered":"https:\/\/casacumbia.com\/product\/tasse-violette-d105cm-stripes\/"},"modified":"2025-09-21T15:19:19","modified_gmt":"2025-09-21T13:19:19","slug":"tasse-violette-d105cm-stripes","status":"publish","type":"product","link":"https:\/\/casacumbia.com\/en\/produit\/tasse-violette-d105cm-stripes\/","title":{"rendered":"Coupe Violette D10,5cm STRIPES"},"content":{"rendered":"<p>La collection STRIPES c\u00e9l\u00e8bre l&#8217;\u00e9l\u00e9gance classique avec une touche contemporaine. En verre \u00e9pais et r\u00e9sistant, chaque pi\u00e8ce se distingue par ses reliefs \u00e0 rayures verticales et par son pied inspir\u00e9 des colonnes de l&#8217;architecture classique. La gamme comprend des verres, des coupes en deux tailles, un frapp\u00e9 distinctif et un charmant mini pr\u00e9sentoir \u00e0 g\u00e2teau avec cloche \u2014 parfait pour servir avec style et sophistication. Id\u00e9al pour ceux qui appr\u00e9cient les pi\u00e8ces d\u00e9coratives qui remplissent \u00e9galement une fonction pratique \u00e0 table.   <\/p>\n","protected":false},"excerpt":{"rendered":"<p>La collection STRIPES c\u00e9l\u00e8bre l&#8217;\u00e9l\u00e9gance classique avec une touche contemporaine. En verre \u00e9pais et r\u00e9sistant, chaque pi\u00e8ce se distingue par<\/p>\n","protected":false},"featured_media":36612,"comment_status":"closed","ping_status":"closed","template":"","meta":[],"product_brand":[],"product_cat":[204,255],"product_tag":[181,176,166],"class_list":{"0":"post-51292","1":"product","2":"type-product","3":"status-publish","4":"has-post-thumbnail","6":"product_cat-promotions-2","7":"product_cat-verres","8":"product_tag-integre-pim","9":"product_tag-petites-dimensions","10":"product_tag-produits-en-ligne","12":"first","13":"instock","14":"sale","15":"shipping-taxable","16":"purchasable","17":"product-type-simple"},"_links":{"self":[{"href":"https:\/\/casacumbia.com\/en\/wp-json\/wp\/v2\/product\/51292","targetHints":{"allow":["GET"]}}],"collection":[{"href":"https:\/\/casacumbia.com\/en\/wp-json\/wp\/v2\/product"}],"about":[{"href":"https:\/\/casacumbia.com\/en\/wp-json\/wp\/v2\/types\/product"}],"replies":[{"embeddable":true,"href":"https:\/\/casacumbia.com\/en\/wp-json\/wp\/v2\/comments?post=51292"}],"version-history":[{"count":1,"href":"https:\/\/casacumbia.com\/en\/wp-json\/wp\/v2\/product\/51292\/revisions"}],"predecessor-version":[{"id":51901,"href":"https:\/\/casacumbia.com\/en\/wp-json\/wp\/v2\/product\/51292\/revisions\/51901"}],"wp:featuredmedia":[{"embeddable":true,"href":"https:\/\/casacumbia.com\/en\/wp-json\/wp\/v2\/media\/36612"}],"wp:attachment":[{"href":"https:\/\/casacumbia.com\/en\/wp-json\/wp\/v2\/media?parent=51292"}],"wp:term":[{"taxonomy":"product_brand","embeddable":true,"href":"https:\/\/casacumbia.com\/en\/wp-json\/wp\/v2\/product_brand?post=51292"},{"taxonomy":"product_cat","embeddable":true,"href":"https:\/\/casacumbia.com\/en\/wp-json\/wp\/v2\/product_cat?post=51292"},{"taxonomy":"product_tag","embeddable":true,"href":"https:\/\/casacumbia.com\/en\/wp-json\/wp\/v2\/product_tag?post=51292"}],"curies":[{"name":"wp","href":"https:\/\/api.w.org\/{rel}","templated":true}]}}