{"id":51288,"date":"2025-07-20T18:25:46","date_gmt":"2025-07-20T16:25:46","guid":{"rendered":"https:\/\/casacumbia.com\/product\/pichet-violet-1240ml-bubbles\/"},"modified":"2025-09-21T15:19:18","modified_gmt":"2025-09-21T13:19:18","slug":"pichet-violet-1240ml-bubbles","status":"publish","type":"product","link":"https:\/\/casacumbia.com\/en\/produit\/pichet-violet-1240ml-bubbles\/","title":{"rendered":"Pichet Violet 1240ml BUBBLES"},"content":{"rendered":"<p>BUBBLES c\u00e9l\u00e8bre la beaut\u00e9 unique du verre souffl\u00e9, avec des verres en verre \u00e9pais qui mettent en valeur leurs bulles naturelles comme \u00e9l\u00e9ment d\u00e9coratif et identit\u00e9 de la collection. Chaque verre est une pi\u00e8ce authentique, qui apporte charme et texture \u00e0 votre moment, alliant tradition artisanale et design contemporain. <\/p>\n","protected":false},"excerpt":{"rendered":"<p>BUBBLES c\u00e9l\u00e8bre la beaut\u00e9 unique du verre souffl\u00e9, avec des verres en verre \u00e9pais qui mettent en valeur leurs bulles<\/p>\n","protected":false},"featured_media":36619,"comment_status":"closed","ping_status":"closed","template":"","meta":[],"product_brand":[],"product_cat":[274,204],"product_tag":[181,176,166],"class_list":{"0":"post-51288","1":"product","2":"type-product","3":"status-publish","4":"has-post-thumbnail","6":"product_cat-pichet","7":"product_cat-promotions-2","8":"product_tag-integre-pim","9":"product_tag-petites-dimensions","10":"product_tag-produits-en-ligne","12":"first","13":"instock","14":"sale","15":"shipping-taxable","16":"purchasable","17":"product-type-simple"},"_links":{"self":[{"href":"https:\/\/casacumbia.com\/en\/wp-json\/wp\/v2\/product\/51288","targetHints":{"allow":["GET"]}}],"collection":[{"href":"https:\/\/casacumbia.com\/en\/wp-json\/wp\/v2\/product"}],"about":[{"href":"https:\/\/casacumbia.com\/en\/wp-json\/wp\/v2\/types\/product"}],"replies":[{"embeddable":true,"href":"https:\/\/casacumbia.com\/en\/wp-json\/wp\/v2\/comments?post=51288"}],"version-history":[{"count":1,"href":"https:\/\/casacumbia.com\/en\/wp-json\/wp\/v2\/product\/51288\/revisions"}],"predecessor-version":[{"id":51906,"href":"https:\/\/casacumbia.com\/en\/wp-json\/wp\/v2\/product\/51288\/revisions\/51906"}],"wp:featuredmedia":[{"embeddable":true,"href":"https:\/\/casacumbia.com\/en\/wp-json\/wp\/v2\/media\/36619"}],"wp:attachment":[{"href":"https:\/\/casacumbia.com\/en\/wp-json\/wp\/v2\/media?parent=51288"}],"wp:term":[{"taxonomy":"product_brand","embeddable":true,"href":"https:\/\/casacumbia.com\/en\/wp-json\/wp\/v2\/product_brand?post=51288"},{"taxonomy":"product_cat","embeddable":true,"href":"https:\/\/casacumbia.com\/en\/wp-json\/wp\/v2\/product_cat?post=51288"},{"taxonomy":"product_tag","embeddable":true,"href":"https:\/\/casacumbia.com\/en\/wp-json\/wp\/v2\/product_tag?post=51288"}],"curies":[{"name":"wp","href":"https:\/\/api.w.org\/{rel}","templated":true}]}}