{"id":51284,"date":"2025-07-20T18:25:46","date_gmt":"2025-07-20T16:25:46","guid":{"rendered":"https:\/\/casacumbia.com\/product\/tapis-touffete-en-viscose-gris-fonce-140x200-mira\/"},"modified":"2025-09-21T15:19:17","modified_gmt":"2025-09-21T13:19:17","slug":"tapis-touffete-en-viscose-gris-fonce-140x200-mira","status":"publish","type":"product","link":"https:\/\/casacumbia.com\/en\/produit\/tapis-touffete-en-viscose-gris-fonce-140x200-mira\/","title":{"rendered":"Tapis Tuft\u00e9 Viscose Gris Fonc\u00e9 140&#215;200 MIRA"},"content":{"rendered":"<p>Les tapis tuf\u00e9s sont fabriqu\u00e9s manuellement en marquant des fils de laine sur une toile tendue \u00e0 l&#8217;aide d&#8217;un outil manuel.<br \/> Ce type de tapis tuf\u00e9s apporte une touche d&#8217;\u00e9l\u00e9gance et sont consid\u00e9r\u00e9s parmi les plus luxueux au monde.<\/p>\n","protected":false},"excerpt":{"rendered":"<p>Les tapis tuf\u00e9s sont fabriqu\u00e9s manuellement en marquant des fils de laine sur une toile tendue \u00e0 l&#8217;aide d&#8217;un outil<\/p>\n","protected":false},"featured_media":36627,"comment_status":"closed","ping_status":"closed","template":"","meta":[],"product_brand":[],"product_cat":[185,204,205],"product_tag":[181,176,166],"class_list":{"0":"post-51284","1":"product","2":"type-product","3":"status-publish","4":"has-post-thumbnail","6":"product_cat-pet-2","7":"product_cat-promotions-2","8":"product_cat-rugs-2","9":"product_tag-integre-pim","10":"product_tag-petites-dimensions","11":"product_tag-produits-en-ligne","13":"first","14":"instock","15":"sale","16":"shipping-taxable","17":"purchasable","18":"product-type-simple"},"_links":{"self":[{"href":"https:\/\/casacumbia.com\/en\/wp-json\/wp\/v2\/product\/51284","targetHints":{"allow":["GET"]}}],"collection":[{"href":"https:\/\/casacumbia.com\/en\/wp-json\/wp\/v2\/product"}],"about":[{"href":"https:\/\/casacumbia.com\/en\/wp-json\/wp\/v2\/types\/product"}],"replies":[{"embeddable":true,"href":"https:\/\/casacumbia.com\/en\/wp-json\/wp\/v2\/comments?post=51284"}],"version-history":[{"count":1,"href":"https:\/\/casacumbia.com\/en\/wp-json\/wp\/v2\/product\/51284\/revisions"}],"predecessor-version":[{"id":51902,"href":"https:\/\/casacumbia.com\/en\/wp-json\/wp\/v2\/product\/51284\/revisions\/51902"}],"wp:featuredmedia":[{"embeddable":true,"href":"https:\/\/casacumbia.com\/en\/wp-json\/wp\/v2\/media\/36627"}],"wp:attachment":[{"href":"https:\/\/casacumbia.com\/en\/wp-json\/wp\/v2\/media?parent=51284"}],"wp:term":[{"taxonomy":"product_brand","embeddable":true,"href":"https:\/\/casacumbia.com\/en\/wp-json\/wp\/v2\/product_brand?post=51284"},{"taxonomy":"product_cat","embeddable":true,"href":"https:\/\/casacumbia.com\/en\/wp-json\/wp\/v2\/product_cat?post=51284"},{"taxonomy":"product_tag","embeddable":true,"href":"https:\/\/casacumbia.com\/en\/wp-json\/wp\/v2\/product_tag?post=51284"}],"curies":[{"name":"wp","href":"https:\/\/api.w.org\/{rel}","templated":true}]}}