{"id":51267,"date":"2025-07-20T18:25:05","date_gmt":"2025-07-20T16:25:05","guid":{"rendered":"https:\/\/casacumbia.com\/product\/support-de-livre-blanc-all-white\/"},"modified":"2025-09-21T15:19:11","modified_gmt":"2025-09-21T13:19:11","slug":"support-de-livre-blanc-all-white","status":"publish","type":"product","link":"https:\/\/casacumbia.com\/en\/produit\/support-de-livre-blanc-all-white\/","title":{"rendered":"Support de Livre Blanc ALL WHITE"},"content":{"rendered":"<p>Inspir\u00e9e par la puret\u00e9 et la l\u00e9g\u00e8ret\u00e9 du blanc total, la ligne All White apporte une touche minimaliste et lumineuse \u00e0 votre cuisine. Compos\u00e9e d&#8217;ustensiles essentiels comme sali\u00e8re, distributeurs, support d&#8217;\u00e9ponge, moulin \u00e0 sel\/poivre, porte-serviettes, support de livre et deux paniers pratiques, cette collection allie fonctionnalit\u00e9 avec un style \u00e9pur\u00e9 et contemporain. <\/p>\n","protected":false},"excerpt":{"rendered":"<p>Inspir\u00e9e par la puret\u00e9 et la l\u00e9g\u00e8ret\u00e9 du blanc total, la ligne All White apporte une touche minimaliste et lumineuse<\/p>\n","protected":false},"featured_media":36221,"comment_status":"closed","ping_status":"closed","template":"","meta":[],"product_brand":[],"product_cat":[260],"product_tag":[173,181,166],"class_list":{"0":"post-51267","1":"product","2":"type-product","3":"status-publish","4":"has-post-thumbnail","6":"product_cat-objetdecoratifs","7":"product_tag-grandes-dimensions","8":"product_tag-integre-pim","9":"product_tag-produits-en-ligne","11":"first","12":"instock","13":"shipping-taxable","14":"purchasable","15":"product-type-simple"},"_links":{"self":[{"href":"https:\/\/casacumbia.com\/en\/wp-json\/wp\/v2\/product\/51267","targetHints":{"allow":["GET"]}}],"collection":[{"href":"https:\/\/casacumbia.com\/en\/wp-json\/wp\/v2\/product"}],"about":[{"href":"https:\/\/casacumbia.com\/en\/wp-json\/wp\/v2\/types\/product"}],"replies":[{"embeddable":true,"href":"https:\/\/casacumbia.com\/en\/wp-json\/wp\/v2\/comments?post=51267"}],"version-history":[{"count":1,"href":"https:\/\/casacumbia.com\/en\/wp-json\/wp\/v2\/product\/51267\/revisions"}],"predecessor-version":[{"id":51985,"href":"https:\/\/casacumbia.com\/en\/wp-json\/wp\/v2\/product\/51267\/revisions\/51985"}],"wp:featuredmedia":[{"embeddable":true,"href":"https:\/\/casacumbia.com\/en\/wp-json\/wp\/v2\/media\/36221"}],"wp:attachment":[{"href":"https:\/\/casacumbia.com\/en\/wp-json\/wp\/v2\/media?parent=51267"}],"wp:term":[{"taxonomy":"product_brand","embeddable":true,"href":"https:\/\/casacumbia.com\/en\/wp-json\/wp\/v2\/product_brand?post=51267"},{"taxonomy":"product_cat","embeddable":true,"href":"https:\/\/casacumbia.com\/en\/wp-json\/wp\/v2\/product_cat?post=51267"},{"taxonomy":"product_tag","embeddable":true,"href":"https:\/\/casacumbia.com\/en\/wp-json\/wp\/v2\/product_tag?post=51267"}],"curies":[{"name":"wp","href":"https:\/\/api.w.org\/{rel}","templated":true}]}}