{"id":51265,"date":"2025-07-20T18:25:05","date_gmt":"2025-07-20T16:25:05","guid":{"rendered":"https:\/\/casacumbia.com\/product\/moulin-a-sel-et-poivre-noir-all-black\/"},"modified":"2025-09-21T15:19:11","modified_gmt":"2025-09-21T13:19:11","slug":"moulin-a-sel-et-poivre-noir-all-black","status":"publish","type":"product","link":"https:\/\/casacumbia.com\/en\/produit\/moulin-a-sel-et-poivre-noir-all-black\/","title":{"rendered":"Moulin \u00e0 Sel et Poivre Noir ALL BLACK"},"content":{"rendered":"<p>Inspir\u00e9s par la tendance monochromatique, les ustensiles All Black se distinguent par leur aspect moderne et sophistiqu\u00e9. Cette gamme compl\u00e8te comprend des pi\u00e8ces fonctionnelles pour le plan de travail, comme une sali\u00e8re, des distributeurs, un support d&#8217;\u00e9ponge, un moulin \u00e0 sel\/poivre, un porte-serviettes, un support de livre et deux corbeilles pratiques \u2014 le tout en noir total pour une cuisine avec style et personnalit\u00e9. <\/p>\n","protected":false},"excerpt":{"rendered":"<p>Inspir\u00e9s par la tendance monochromatique, les ustensiles All Black se distinguent par leur aspect moderne et sophistiqu\u00e9. Cette gamme compl\u00e8te<\/p>\n","protected":false},"featured_media":36223,"comment_status":"closed","ping_status":"closed","template":"","meta":[],"product_brand":[],"product_cat":[288],"product_tag":[181,176,166],"class_list":{"0":"post-51265","1":"product","2":"type-product","3":"status-publish","4":"has-post-thumbnail","6":"product_cat-saliere-et-poivriere","7":"product_tag-integre-pim","8":"product_tag-petites-dimensions","9":"product_tag-produits-en-ligne","11":"first","12":"instock","13":"shipping-taxable","14":"purchasable","15":"product-type-simple"},"_links":{"self":[{"href":"https:\/\/casacumbia.com\/en\/wp-json\/wp\/v2\/product\/51265","targetHints":{"allow":["GET"]}}],"collection":[{"href":"https:\/\/casacumbia.com\/en\/wp-json\/wp\/v2\/product"}],"about":[{"href":"https:\/\/casacumbia.com\/en\/wp-json\/wp\/v2\/types\/product"}],"replies":[{"embeddable":true,"href":"https:\/\/casacumbia.com\/en\/wp-json\/wp\/v2\/comments?post=51265"}],"version-history":[{"count":1,"href":"https:\/\/casacumbia.com\/en\/wp-json\/wp\/v2\/product\/51265\/revisions"}],"predecessor-version":[{"id":51983,"href":"https:\/\/casacumbia.com\/en\/wp-json\/wp\/v2\/product\/51265\/revisions\/51983"}],"wp:featuredmedia":[{"embeddable":true,"href":"https:\/\/casacumbia.com\/en\/wp-json\/wp\/v2\/media\/36223"}],"wp:attachment":[{"href":"https:\/\/casacumbia.com\/en\/wp-json\/wp\/v2\/media?parent=51265"}],"wp:term":[{"taxonomy":"product_brand","embeddable":true,"href":"https:\/\/casacumbia.com\/en\/wp-json\/wp\/v2\/product_brand?post=51265"},{"taxonomy":"product_cat","embeddable":true,"href":"https:\/\/casacumbia.com\/en\/wp-json\/wp\/v2\/product_cat?post=51265"},{"taxonomy":"product_tag","embeddable":true,"href":"https:\/\/casacumbia.com\/en\/wp-json\/wp\/v2\/product_tag?post=51265"}],"curies":[{"name":"wp","href":"https:\/\/api.w.org\/{rel}","templated":true}]}}