{"id":51261,"date":"2025-07-20T18:25:06","date_gmt":"2025-07-20T16:25:06","guid":{"rendered":"https:\/\/casacumbia.com\/product\/cafetiere-filtre-daily\/"},"modified":"2025-09-21T15:19:10","modified_gmt":"2025-09-21T13:19:10","slug":"cafetiere-filtre-daily","status":"publish","type":"product","link":"https:\/\/casacumbia.com\/en\/produit\/cafetiere-filtre-daily\/","title":{"rendered":"Cafeti\u00e8re \u00e0 Filtre DAILY"},"content":{"rendered":"<p>La collection DAILY r\u00e9unit des ustensiles pratiques, polyvalents et fonctionnels, au design simple et intuitif, id\u00e9aux pour ceux qui valorisent l&#8217;organisation et l&#8217;utilit\u00e9 sans complications. Parfaits pour l&#8217;usage quotidien, ils s&#8217;adaptent \u00e0 toute cuisine et routine. <\/p>\n","protected":false},"excerpt":{"rendered":"<p>La collection DAILY r\u00e9unit des ustensiles pratiques, polyvalents et fonctionnels, au design simple et intuitif, id\u00e9aux pour ceux qui valorisent<\/p>\n","protected":false},"featured_media":36258,"comment_status":"closed","ping_status":"closed","template":"","meta":[],"product_brand":[],"product_cat":[273],"product_tag":[181,176,166],"class_list":{"0":"post-51261","1":"product","2":"type-product","3":"status-publish","4":"has-post-thumbnail","6":"product_cat-servicecafe","7":"product_tag-integre-pim","8":"product_tag-petites-dimensions","9":"product_tag-produits-en-ligne","11":"first","12":"instock","13":"shipping-taxable","14":"purchasable","15":"product-type-simple"},"_links":{"self":[{"href":"https:\/\/casacumbia.com\/en\/wp-json\/wp\/v2\/product\/51261","targetHints":{"allow":["GET"]}}],"collection":[{"href":"https:\/\/casacumbia.com\/en\/wp-json\/wp\/v2\/product"}],"about":[{"href":"https:\/\/casacumbia.com\/en\/wp-json\/wp\/v2\/types\/product"}],"replies":[{"embeddable":true,"href":"https:\/\/casacumbia.com\/en\/wp-json\/wp\/v2\/comments?post=51261"}],"version-history":[{"count":1,"href":"https:\/\/casacumbia.com\/en\/wp-json\/wp\/v2\/product\/51261\/revisions"}],"predecessor-version":[{"id":53338,"href":"https:\/\/casacumbia.com\/en\/wp-json\/wp\/v2\/product\/51261\/revisions\/53338"}],"wp:featuredmedia":[{"embeddable":true,"href":"https:\/\/casacumbia.com\/en\/wp-json\/wp\/v2\/media\/36258"}],"wp:attachment":[{"href":"https:\/\/casacumbia.com\/en\/wp-json\/wp\/v2\/media?parent=51261"}],"wp:term":[{"taxonomy":"product_brand","embeddable":true,"href":"https:\/\/casacumbia.com\/en\/wp-json\/wp\/v2\/product_brand?post=51261"},{"taxonomy":"product_cat","embeddable":true,"href":"https:\/\/casacumbia.com\/en\/wp-json\/wp\/v2\/product_cat?post=51261"},{"taxonomy":"product_tag","embeddable":true,"href":"https:\/\/casacumbia.com\/en\/wp-json\/wp\/v2\/product_tag?post=51261"}],"curies":[{"name":"wp","href":"https:\/\/api.w.org\/{rel}","templated":true}]}}