{"id":51258,"date":"2025-07-20T18:25:05","date_gmt":"2025-07-20T16:25:05","guid":{"rendered":"https:\/\/casacumbia.com\/product\/base-de-verres-en-perles-noir-et-blanc-checks\/"},"modified":"2025-09-21T15:19:09","modified_gmt":"2025-09-21T13:19:09","slug":"base-de-verres-en-perles-noir-et-blanc-checks","status":"publish","type":"product","link":"https:\/\/casacumbia.com\/en\/produit\/base-de-verres-en-perles-noir-et-blanc-checks\/","title":{"rendered":"Dessous de Verre Perles Noir et Blanc CHECKS"},"content":{"rendered":"<p>Dessous de Verre Perles Noir et Blanc CHECKS. Une pi\u00e8ce essentielle de casacumbia, parfaite pour apporter une touche de style et de confort \u00e0 votre espace avec originalit\u00e9 et charme. <\/p>\n","protected":false},"excerpt":{"rendered":"<p>Dessous de Verre Perles Noir et Blanc CHECKS. Une pi\u00e8ce essentielle de casacumbia, parfaite pour apporter une touche de style<\/p>\n","protected":false},"featured_media":36242,"comment_status":"closed","ping_status":"closed","template":"","meta":[],"product_brand":[],"product_cat":[174,204,255],"product_tag":[181,176,166],"class_list":{"0":"post-51258","1":"product","2":"type-product","3":"status-publish","4":"has-post-thumbnail","6":"product_cat-kitchen-2","7":"product_cat-promotions-2","8":"product_cat-verres","9":"product_tag-integre-pim","10":"product_tag-petites-dimensions","11":"product_tag-produits-en-ligne","13":"first","14":"instock","15":"sale","16":"shipping-taxable","17":"purchasable","18":"product-type-simple"},"_links":{"self":[{"href":"https:\/\/casacumbia.com\/en\/wp-json\/wp\/v2\/product\/51258","targetHints":{"allow":["GET"]}}],"collection":[{"href":"https:\/\/casacumbia.com\/en\/wp-json\/wp\/v2\/product"}],"about":[{"href":"https:\/\/casacumbia.com\/en\/wp-json\/wp\/v2\/types\/product"}],"replies":[{"embeddable":true,"href":"https:\/\/casacumbia.com\/en\/wp-json\/wp\/v2\/comments?post=51258"}],"version-history":[{"count":2,"href":"https:\/\/casacumbia.com\/en\/wp-json\/wp\/v2\/product\/51258\/revisions"}],"predecessor-version":[{"id":54242,"href":"https:\/\/casacumbia.com\/en\/wp-json\/wp\/v2\/product\/51258\/revisions\/54242"}],"wp:featuredmedia":[{"embeddable":true,"href":"https:\/\/casacumbia.com\/en\/wp-json\/wp\/v2\/media\/36242"}],"wp:attachment":[{"href":"https:\/\/casacumbia.com\/en\/wp-json\/wp\/v2\/media?parent=51258"}],"wp:term":[{"taxonomy":"product_brand","embeddable":true,"href":"https:\/\/casacumbia.com\/en\/wp-json\/wp\/v2\/product_brand?post=51258"},{"taxonomy":"product_cat","embeddable":true,"href":"https:\/\/casacumbia.com\/en\/wp-json\/wp\/v2\/product_cat?post=51258"},{"taxonomy":"product_tag","embeddable":true,"href":"https:\/\/casacumbia.com\/en\/wp-json\/wp\/v2\/product_tag?post=51258"}],"curies":[{"name":"wp","href":"https:\/\/api.w.org\/{rel}","templated":true}]}}