{"id":51257,"date":"2025-07-20T18:25:06","date_gmt":"2025-07-20T16:25:06","guid":{"rendered":"https:\/\/casacumbia.com\/product\/miroir-rond-avec-etagere-solis\/"},"modified":"2025-09-21T15:19:09","modified_gmt":"2025-09-21T13:19:09","slug":"miroir-rond-avec-etagere-solis","status":"publish","type":"product","link":"https:\/\/casacumbia.com\/en\/produit\/miroir-rond-avec-etagere-solis\/","title":{"rendered":"Miroir Rond avec \u00c9tag\u00e8re SOLIS"},"content":{"rendered":"<p>La collection SOLIS pr\u00e9sente des miroirs intemporels aux finitions dor\u00e9es, qui apportent chaleur et sophistication \u00e0 tout environnement. Des pi\u00e8ces qui illuminent les espaces avec \u00e9l\u00e9gance et style classique, parfaites pour durer des g\u00e9n\u00e9rations. <\/p>\n","protected":false},"excerpt":{"rendered":"<p>La collection SOLIS pr\u00e9sente des miroirs intemporels aux finitions dor\u00e9es, qui apportent chaleur et sophistication \u00e0 tout environnement. Des pi\u00e8ces<\/p>\n","protected":false},"featured_media":36266,"comment_status":"closed","ping_status":"closed","template":"","meta":[],"product_brand":[],"product_cat":[206,263,204],"product_tag":[181,176,166],"class_list":{"0":"post-51257","1":"product","2":"type-product","3":"status-publish","4":"has-post-thumbnail","6":"product_cat-decoration-2","7":"product_cat-miroirs","8":"product_cat-promotions-2","9":"product_tag-integre-pim","10":"product_tag-petites-dimensions","11":"product_tag-produits-en-ligne","13":"first","14":"instock","15":"sale","16":"shipping-taxable","17":"purchasable","18":"product-type-simple"},"_links":{"self":[{"href":"https:\/\/casacumbia.com\/en\/wp-json\/wp\/v2\/product\/51257","targetHints":{"allow":["GET"]}}],"collection":[{"href":"https:\/\/casacumbia.com\/en\/wp-json\/wp\/v2\/product"}],"about":[{"href":"https:\/\/casacumbia.com\/en\/wp-json\/wp\/v2\/types\/product"}],"replies":[{"embeddable":true,"href":"https:\/\/casacumbia.com\/en\/wp-json\/wp\/v2\/comments?post=51257"}],"version-history":[{"count":1,"href":"https:\/\/casacumbia.com\/en\/wp-json\/wp\/v2\/product\/51257\/revisions"}],"predecessor-version":[{"id":53344,"href":"https:\/\/casacumbia.com\/en\/wp-json\/wp\/v2\/product\/51257\/revisions\/53344"}],"wp:featuredmedia":[{"embeddable":true,"href":"https:\/\/casacumbia.com\/en\/wp-json\/wp\/v2\/media\/36266"}],"wp:attachment":[{"href":"https:\/\/casacumbia.com\/en\/wp-json\/wp\/v2\/media?parent=51257"}],"wp:term":[{"taxonomy":"product_brand","embeddable":true,"href":"https:\/\/casacumbia.com\/en\/wp-json\/wp\/v2\/product_brand?post=51257"},{"taxonomy":"product_cat","embeddable":true,"href":"https:\/\/casacumbia.com\/en\/wp-json\/wp\/v2\/product_cat?post=51257"},{"taxonomy":"product_tag","embeddable":true,"href":"https:\/\/casacumbia.com\/en\/wp-json\/wp\/v2\/product_tag?post=51257"}],"curies":[{"name":"wp","href":"https:\/\/api.w.org\/{rel}","templated":true}]}}