{"id":51251,"date":"2025-07-20T18:25:14","date_gmt":"2025-07-20T16:25:14","guid":{"rendered":"https:\/\/casacumbia.com\/product\/couette-en-microfibre-150g-140x220-dream\/"},"modified":"2025-09-21T15:19:07","modified_gmt":"2025-09-21T13:19:07","slug":"couette-en-microfibre-150g-140x220-dream","status":"publish","type":"product","link":"https:\/\/casacumbia.com\/en\/produit\/couette-en-microfibre-150g-140x220-dream\/","title":{"rendered":"Couette Garnissage Microfibre 150gr 140&#215;220 DREAM"},"content":{"rendered":"<p>La gamme DREAM vous offrira des nuits de repos et de tranquillit\u00e9.<br \/>Fabriqu\u00e9es \u00e0 partir de bouteilles en plastique recycl\u00e9es, les couettes et prot\u00e8ge-matelas en 100 % microfibre sont id\u00e9ales pour les nuits de vos r\u00eaves !<\/p>\n","protected":false},"excerpt":{"rendered":"<p>La gamme DREAM vous offrira des nuits de repos et de tranquillit\u00e9.Fabriqu\u00e9es \u00e0 partir de bouteilles en plastique recycl\u00e9es, les<\/p>\n","protected":false},"featured_media":36286,"comment_status":"closed","ping_status":"closed","template":"","meta":[],"product_brand":[],"product_cat":[303],"product_tag":[181,176,166],"class_list":{"0":"post-51251","1":"product","2":"type-product","3":"status-publish","4":"has-post-thumbnail","6":"product_cat-couettes-garnissages","7":"product_tag-integre-pim","8":"product_tag-petites-dimensions","9":"product_tag-produits-en-ligne","11":"first","12":"instock","13":"shipping-taxable","14":"purchasable","15":"product-type-simple"},"_links":{"self":[{"href":"https:\/\/casacumbia.com\/en\/wp-json\/wp\/v2\/product\/51251","targetHints":{"allow":["GET"]}}],"collection":[{"href":"https:\/\/casacumbia.com\/en\/wp-json\/wp\/v2\/product"}],"about":[{"href":"https:\/\/casacumbia.com\/en\/wp-json\/wp\/v2\/types\/product"}],"replies":[{"embeddable":true,"href":"https:\/\/casacumbia.com\/en\/wp-json\/wp\/v2\/comments?post=51251"}],"version-history":[{"count":1,"href":"https:\/\/casacumbia.com\/en\/wp-json\/wp\/v2\/product\/51251\/revisions"}],"predecessor-version":[{"id":53343,"href":"https:\/\/casacumbia.com\/en\/wp-json\/wp\/v2\/product\/51251\/revisions\/53343"}],"wp:featuredmedia":[{"embeddable":true,"href":"https:\/\/casacumbia.com\/en\/wp-json\/wp\/v2\/media\/36286"}],"wp:attachment":[{"href":"https:\/\/casacumbia.com\/en\/wp-json\/wp\/v2\/media?parent=51251"}],"wp:term":[{"taxonomy":"product_brand","embeddable":true,"href":"https:\/\/casacumbia.com\/en\/wp-json\/wp\/v2\/product_brand?post=51251"},{"taxonomy":"product_cat","embeddable":true,"href":"https:\/\/casacumbia.com\/en\/wp-json\/wp\/v2\/product_cat?post=51251"},{"taxonomy":"product_tag","embeddable":true,"href":"https:\/\/casacumbia.com\/en\/wp-json\/wp\/v2\/product_tag?post=51251"}],"curies":[{"name":"wp","href":"https:\/\/api.w.org\/{rel}","templated":true}]}}