{"id":51248,"date":"2025-07-20T18:25:06","date_gmt":"2025-07-20T16:25:06","guid":{"rendered":"https:\/\/casacumbia.com\/product\/garnissage-pour-coussin-50x50-filler\/"},"modified":"2025-09-21T15:19:05","modified_gmt":"2025-09-21T13:19:05","slug":"garnissage-pour-coussin-50x50-filler","status":"publish","type":"product","link":"https:\/\/casacumbia.com\/en\/produit\/garnissage-pour-coussin-50x50-filler\/","title":{"rendered":"Garnissage pour Coussin 50&#215;50 FILLER"},"content":{"rendered":"<p>Le garnissage de coussin est un \u00e9l\u00e9ment fondamental dans la d\u00e9coration. Les garnissages garantissent le volume id\u00e9al pour le coussin, un toucher moelleux et une durabilit\u00e9. <\/p>\n","protected":false},"excerpt":{"rendered":"<p>Le garnissage de coussin est un \u00e9l\u00e9ment fondamental dans la d\u00e9coration. Les garnissages garantissent le volume id\u00e9al pour le coussin,<\/p>\n","protected":false},"featured_media":36276,"comment_status":"closed","ping_status":"closed","template":"","meta":[],"product_brand":[],"product_cat":[238],"product_tag":[181,176,166],"class_list":{"0":"post-51248","1":"product","2":"type-product","3":"status-publish","4":"has-post-thumbnail","6":"product_cat-coussins","7":"product_tag-integre-pim","8":"product_tag-petites-dimensions","9":"product_tag-produits-en-ligne","11":"first","12":"instock","13":"shipping-taxable","14":"purchasable","15":"product-type-simple"},"_links":{"self":[{"href":"https:\/\/casacumbia.com\/en\/wp-json\/wp\/v2\/product\/51248","targetHints":{"allow":["GET"]}}],"collection":[{"href":"https:\/\/casacumbia.com\/en\/wp-json\/wp\/v2\/product"}],"about":[{"href":"https:\/\/casacumbia.com\/en\/wp-json\/wp\/v2\/types\/product"}],"replies":[{"embeddable":true,"href":"https:\/\/casacumbia.com\/en\/wp-json\/wp\/v2\/comments?post=51248"}],"version-history":[{"count":1,"href":"https:\/\/casacumbia.com\/en\/wp-json\/wp\/v2\/product\/51248\/revisions"}],"predecessor-version":[{"id":52001,"href":"https:\/\/casacumbia.com\/en\/wp-json\/wp\/v2\/product\/51248\/revisions\/52001"}],"wp:featuredmedia":[{"embeddable":true,"href":"https:\/\/casacumbia.com\/en\/wp-json\/wp\/v2\/media\/36276"}],"wp:attachment":[{"href":"https:\/\/casacumbia.com\/en\/wp-json\/wp\/v2\/media?parent=51248"}],"wp:term":[{"taxonomy":"product_brand","embeddable":true,"href":"https:\/\/casacumbia.com\/en\/wp-json\/wp\/v2\/product_brand?post=51248"},{"taxonomy":"product_cat","embeddable":true,"href":"https:\/\/casacumbia.com\/en\/wp-json\/wp\/v2\/product_cat?post=51248"},{"taxonomy":"product_tag","embeddable":true,"href":"https:\/\/casacumbia.com\/en\/wp-json\/wp\/v2\/product_tag?post=51248"}],"curies":[{"name":"wp","href":"https:\/\/api.w.org\/{rel}","templated":true}]}}