{"id":51223,"date":"2025-07-20T18:25:25","date_gmt":"2025-07-20T16:25:25","guid":{"rendered":"https:\/\/casacumbia.com\/product\/cabane-de-rangement-de-jardin-en-acacia-costa-nova\/"},"modified":"2025-09-21T15:18:59","modified_gmt":"2025-09-21T13:18:59","slug":"cabane-de-rangement-de-jardin-en-acacia-costa-nova","status":"publish","type":"product","link":"https:\/\/casacumbia.com\/en\/produit\/cabane-de-rangement-de-jardin-en-acacia-costa-nova\/","title":{"rendered":"Abri de Rangement de Jardin en Acacia COSTA NOVA"},"content":{"rendered":"<p>La collection COSTA NOVA propose du mobilier d&#8217;ext\u00e9rieur en bois d&#8217;acacia, avec un design l\u00e9ger, fonctionnel et accueillant. Inspir\u00e9e par la s\u00e9r\u00e9nit\u00e9 des zones c\u00f4ti\u00e8res, elle combine la r\u00e9sistance du bois avec des lignes simples et intemporelles \u2014 parfaite pour profiter de moments relaxants en plein air, avec \u00e9l\u00e9gance et confort. <\/p>\n","protected":false},"excerpt":{"rendered":"<p>La collection COSTA NOVA propose du mobilier d&#8217;ext\u00e9rieur en bois d&#8217;acacia, avec un design l\u00e9ger, fonctionnel et accueillant. Inspir\u00e9e par<\/p>\n","protected":false},"featured_media":36391,"comment_status":"closed","ping_status":"closed","template":"","meta":[],"product_brand":[],"product_cat":[218,251,204],"product_tag":[181,176,166],"class_list":{"0":"post-51223","1":"product","2":"type-product","3":"status-publish","4":"has-post-thumbnail","6":"product_cat-exterior-2","7":"product_cat-jardin","8":"product_cat-promotions-2","9":"product_tag-integre-pim","10":"product_tag-petites-dimensions","11":"product_tag-produits-en-ligne","13":"first","14":"instock","15":"sale","16":"shipping-taxable","17":"purchasable","18":"product-type-simple"},"_links":{"self":[{"href":"https:\/\/casacumbia.com\/en\/wp-json\/wp\/v2\/product\/51223","targetHints":{"allow":["GET"]}}],"collection":[{"href":"https:\/\/casacumbia.com\/en\/wp-json\/wp\/v2\/product"}],"about":[{"href":"https:\/\/casacumbia.com\/en\/wp-json\/wp\/v2\/types\/product"}],"replies":[{"embeddable":true,"href":"https:\/\/casacumbia.com\/en\/wp-json\/wp\/v2\/comments?post=51223"}],"version-history":[{"count":1,"href":"https:\/\/casacumbia.com\/en\/wp-json\/wp\/v2\/product\/51223\/revisions"}],"predecessor-version":[{"id":51944,"href":"https:\/\/casacumbia.com\/en\/wp-json\/wp\/v2\/product\/51223\/revisions\/51944"}],"wp:featuredmedia":[{"embeddable":true,"href":"https:\/\/casacumbia.com\/en\/wp-json\/wp\/v2\/media\/36391"}],"wp:attachment":[{"href":"https:\/\/casacumbia.com\/en\/wp-json\/wp\/v2\/media?parent=51223"}],"wp:term":[{"taxonomy":"product_brand","embeddable":true,"href":"https:\/\/casacumbia.com\/en\/wp-json\/wp\/v2\/product_brand?post=51223"},{"taxonomy":"product_cat","embeddable":true,"href":"https:\/\/casacumbia.com\/en\/wp-json\/wp\/v2\/product_cat?post=51223"},{"taxonomy":"product_tag","embeddable":true,"href":"https:\/\/casacumbia.com\/en\/wp-json\/wp\/v2\/product_tag?post=51223"}],"curies":[{"name":"wp","href":"https:\/\/api.w.org\/{rel}","templated":true}]}}