{"id":51178,"date":"2025-07-20T18:24:20","date_gmt":"2025-07-20T16:24:20","guid":{"rendered":"https:\/\/casacumbia.com\/product\/panier-sac-avec-poignees-et-bandouliere-vinh\/"},"modified":"2025-09-21T15:18:45","modified_gmt":"2025-09-21T13:18:45","slug":"panier-sac-avec-poignees-et-bandouliere-vinh","status":"publish","type":"product","link":"https:\/\/casacumbia.com\/en\/produit\/panier-sac-avec-poignees-et-bandouliere-vinh\/","title":{"rendered":"Panier \/ Sac avec Anses et Poign\u00e9e VINH"},"content":{"rendered":"<p>Panier \/ Sac avec Anses et Poign\u00e9e VINH. Une pi\u00e8ce essentielle de casacumbia, parfaite pour apporter une touche de style et de confort \u00e0 votre espace avec originalit\u00e9 et charme. <\/p>\n","protected":false},"excerpt":{"rendered":"<p>Panier \/ Sac avec Anses et Poign\u00e9e VINH. Une pi\u00e8ce essentielle de casacumbia, parfaite pour apporter une touche de style<\/p>\n","protected":false},"featured_media":35837,"comment_status":"closed","ping_status":"closed","template":"","meta":[],"product_brand":[],"product_cat":[290],"product_tag":[181,176,166],"class_list":{"0":"post-51178","1":"product","2":"type-product","3":"status-publish","4":"has-post-thumbnail","6":"product_cat-boites-paniers","7":"product_tag-integre-pim","8":"product_tag-petites-dimensions","9":"product_tag-produits-en-ligne","11":"first","12":"instock","13":"shipping-taxable","14":"purchasable","15":"product-type-simple"},"_links":{"self":[{"href":"https:\/\/casacumbia.com\/en\/wp-json\/wp\/v2\/product\/51178","targetHints":{"allow":["GET"]}}],"collection":[{"href":"https:\/\/casacumbia.com\/en\/wp-json\/wp\/v2\/product"}],"about":[{"href":"https:\/\/casacumbia.com\/en\/wp-json\/wp\/v2\/types\/product"}],"replies":[{"embeddable":true,"href":"https:\/\/casacumbia.com\/en\/wp-json\/wp\/v2\/comments?post=51178"}],"version-history":[{"count":2,"href":"https:\/\/casacumbia.com\/en\/wp-json\/wp\/v2\/product\/51178\/revisions"}],"predecessor-version":[{"id":54234,"href":"https:\/\/casacumbia.com\/en\/wp-json\/wp\/v2\/product\/51178\/revisions\/54234"}],"wp:featuredmedia":[{"embeddable":true,"href":"https:\/\/casacumbia.com\/en\/wp-json\/wp\/v2\/media\/35837"}],"wp:attachment":[{"href":"https:\/\/casacumbia.com\/en\/wp-json\/wp\/v2\/media?parent=51178"}],"wp:term":[{"taxonomy":"product_brand","embeddable":true,"href":"https:\/\/casacumbia.com\/en\/wp-json\/wp\/v2\/product_brand?post=51178"},{"taxonomy":"product_cat","embeddable":true,"href":"https:\/\/casacumbia.com\/en\/wp-json\/wp\/v2\/product_cat?post=51178"},{"taxonomy":"product_tag","embeddable":true,"href":"https:\/\/casacumbia.com\/en\/wp-json\/wp\/v2\/product_tag?post=51178"}],"curies":[{"name":"wp","href":"https:\/\/api.w.org\/{rel}","templated":true}]}}